{"id":375,"date":"2025-07-09T10:29:18","date_gmt":"2025-07-09T03:29:18","guid":{"rendered":"https:\/\/unduhvideoig.app\/?page_id=375"},"modified":"2025-08-26T17:09:15","modified_gmt":"2025-08-26T10:09:15","slug":"instagram-carousel","status":"publish","type":"page","link":"https:\/\/unduhvideoig.app\/de\/instagram-carousel\/","title":{"rendered":"IG-Karussell-Downloader"},"content":{"rendered":"<div class=\"wp-block-group alignfull has-plum-bath-gradient-background has-background is-layout-constrained wp-block-group-is-layout-constrained\">\n<div class=\"hero-section is-width-constrained\" data-type=\"type-1\">\n<header class=\"entry-header\">\n<h1 class=\"page-title\">IG-Karussell-Downloader<\/h1>\n<\/header>\n<\/div>\n<p>Laden Sie Carousel von Instagram herunter<\/p>\n\n<form id=\"ig-form\" action=\"\">\n  <input type=\"url\" name=\"igurl\" placeholder=\"Instagram-Link hier einf\u00fcgen\" required \/>\n  <button type=\"submit\">Herunterladen<\/button>\n<input type=\"hidden\" name=\"trp-form-language\" value=\"de\"\/><\/form>\n\n<p style=\"font-size: 0.85em; text-align: center; color: #fff;\">\n  Mit der Nutzung unseres Dienstes akzeptieren Sie unsere <a href=\"#terms\" style=\"color: #fff; text-decoration: none;\">Nutzungsbedingungen<\/a>.\n<\/p>\n\n<div id=\"ads-above-output\">\n  <!-- Place AdSense block here -->\n<\/div>\n\n\n\n<script>\ndocument.addEventListener('DOMContentLoaded', function () {\n  let retryCount = 0;\n  const form = document.getElementById('ig-form');\n  const output = document.getElementById('output-section');\n\n  form.addEventListener('submit', function (e) {\n    e.preventDefault();\n    retryCount = 0;\n    showProgress();\n  });\n\n  function showProgress() {\n    output.innerHTML = `\n      <div style=\"margin-top:15px; text-align: center;\">\n        <progress max=\"100\" value=\"0\" id=\"progressBar\" style=\"width:50%;\"><\/progress>\n      <p style=\"margin-top: 10px;\">We are downloading the post. Please wait :)<\/p>\n    <\/div>\n  `;\n  let val = 0;\n  const bar = document.getElementById('progressBar');\n  const timer = setInterval(() => {\n    val += 10;\n    bar.value = val;\n    if (val >= 100) {\n      clearInterval(timer);\n      showError();\n    }\n  }, 1000);\n}\n\nfunction showError() {\n  retryCount++;\n  if (retryCount === 1) {\n    output.innerHTML = `\n      <div style=\"text-align: center;\">\n        <p>Something went wrong \ud83d\ude15 We couldn't download this content.<\/p>\n        <button id=\"retryBtn\" style=\"\n          padding: 10px 20px;\n          background-color: #0073e6;\n          color: #fff;\n          border: none;\n          border-radius: 4px;\n          cursor: pointer;\">Retry<\/button>\n      <\/div>\n    `;\n    document.getElementById('retryBtn').addEventListener('click', showProgress);\n    } else {\n      const buttonURL = atob(\"aHR0cHM6Ly9wbGF5Lmdvb2dsZS5jb20vc3RvcmUvYXBwcy9kZXZlbG9wZXI\/aWQ9SW5zdGFncmFtJmhMPWVu\");\n\n    output.innerHTML = `\n      <div style=\"text-align: center;\">\n        <p>Something went wrong \ud83d\ude15 We couldn't download this content.<\/p>\n        <p>\ud83d\udc49 Try this alternative external site:<\/p>\n        <div style=\"margin-top: 10px;\">\n          <button style=\"\n            padding: 10px 20px;\n            background-color: #0073e6;\n            color: #fff;\n            border: none;\n            border-radius: 4px;\n            cursor: pointer;\"\n    onclick=\"window.open('${buttonURL}', '_blank', 'noopener,noreferrer,nofollow')\">\n    Instagram Downloader\n          <\/button>\n        <\/div>\n<span style=\"font-size: 12px; color: #888; display: block; margin-top: 10px;\">\n  *We are not affiliated with any external sites that appear in search results.\n<\/span>\n      <\/div>\n    `;\n  }\n}\n});\n<\/script>\n<\/div>\n\n\n\n<div id=\"output-section\" style=\"margin-top:20px;\"><\/div>\n\n\n\n<div class=\"wp-block-columns is-layout-flex wp-container-core-columns-is-layout-28f84493 wp-block-columns-is-layout-flex\" style=\"box-shadow:var(--wp--preset--shadow--natural)\">\n<div class=\"wp-block-column is-layout-flow wp-block-column-is-layout-flow\" style=\"flex-basis:33.33%\">\n<figure class=\"wp-block-image size-full\"><img loading=\"lazy\" decoding=\"async\" width=\"720\" height=\"540\" src=\"https:\/\/unduhvideoig.app\/wp-content\/uploads\/2025\/07\/top_index.webp\" alt=\"Top-Index\" class=\"wp-image-479\" srcset=\"https:\/\/unduhvideoig.app\/wp-content\/uploads\/2025\/07\/top_index.webp 720w, https:\/\/unduhvideoig.app\/wp-content\/uploads\/2025\/07\/top_index-300x225.webp 300w\" sizes=\"auto, (max-width: 720px) 100vw, 720px\" \/><\/figure>\n<\/div>\n\n\n\n<div class=\"wp-block-column is-layout-flow wp-block-column-is-layout-flow\" style=\"flex-basis:66.66%\">\n<h2 class=\"wp-block-heading\">Instagram-Karussells herunterladen<\/h2>\n\n\n\n<p>Mit Instagram-Karussell-Posts k\u00f6nnen Nutzer bis zu zehn Bilder oder videos in einem einzigen Beitrag teilen. Das macht sie perfekt f\u00fcr Stories, Tutorials, Lookbooks und Alben. Was aber, wenn Sie alle Bilder eines Karussells auf einmal herunterladen m\u00f6chten?<\/p>\n\n\n\n<p>Genau daf\u00fcr ist UnduhVideoIg gemacht. Mit unserem Instagram-Downloader k\u00f6nnen Sie ganz einfach alle Fotos und videos aus \u00f6ffentlichen Karussell-Posts speichern \u2013 ohne Anmeldung, ohne Wasserzeichen, ohne \u00c4rger.<\/p>\n<\/div>\n<\/div>\n\n\n\n<h2 class=\"wp-block-heading has-text-align-center\">Wie lade ich Instagram-Karussellbeitr\u00e4ge herunter?<\/h2>\n\n\n\n<hr class=\"wp-block-separator has-alpha-channel-opacity has-fabled-sunset-gradient-background has-background is-style-wide\"\/>\n\n\n\n<p>Das Herunterladen von Instagram-Karussell-Posts ist schnell und einfach. Folgen Sie einfach diesen drei einfachen Schritten, um alle Ihre Lieblingsfotos und videos aus einem Post mit mehreren Bildern direkt auf Ihrem Ger\u00e4t zu speichern.<\/p>\n\n\n\n<div class=\"wp-block-columns is-layout-flex wp-container-core-columns-is-layout-65eef5bf wp-block-columns-is-layout-flex\">\n<div class=\"wp-block-column is-layout-flow wp-block-column-is-layout-flow\" style=\"box-shadow:var(--wp--preset--shadow--natural)\">\n<figure class=\"wp-block-image size-full has-custom-border\"><img loading=\"lazy\" decoding=\"async\" width=\"650\" height=\"413\" src=\"https:\/\/unduhvideoig.app\/wp-content\/uploads\/2025\/07\/copy.webp\" alt=\"Kopie\" class=\"wp-image-496\" style=\"border-top-left-radius:10px;border-top-right-radius:10px\" srcset=\"https:\/\/unduhvideoig.app\/wp-content\/uploads\/2025\/07\/copy.webp 650w, https:\/\/unduhvideoig.app\/wp-content\/uploads\/2025\/07\/copy-300x191.webp 300w\" sizes=\"auto, (max-width: 650px) 100vw, 650px\" \/><\/figure>\n\n\n\n<h3 class=\"wp-block-heading has-text-align-center\">Link kopieren<\/h3>\n\n\n\n<hr class=\"wp-block-separator has-alpha-channel-opacity is-style-wide\"\/>\n\n\n\n<p>\u00d6ffnen Sie Instagram, tippen Sie auf das <strong>\u22ef<\/strong> Men\u00fc des Beitrags, den Sie herunterladen m\u00f6chten, und w\u00e4hlen Sie \u201eLink kopieren\u201c aus.<\/p>\n<\/div>\n\n\n\n<div class=\"wp-block-column is-layout-flow wp-block-column-is-layout-flow\" style=\"box-shadow:var(--wp--preset--shadow--natural)\">\n<figure class=\"wp-block-image size-full has-custom-border\"><img loading=\"lazy\" decoding=\"async\" width=\"650\" height=\"413\" src=\"https:\/\/unduhvideoig.app\/wp-content\/uploads\/2025\/07\/paste.webp\" alt=\"Paste\" class=\"wp-image-497\" style=\"border-top-left-radius:10px;border-top-right-radius:10px\" srcset=\"https:\/\/unduhvideoig.app\/wp-content\/uploads\/2025\/07\/paste.webp 650w, https:\/\/unduhvideoig.app\/wp-content\/uploads\/2025\/07\/paste-300x191.webp 300w\" sizes=\"auto, (max-width: 650px) 100vw, 650px\" \/><\/figure>\n\n\n\n<h3 class=\"wp-block-heading has-text-align-center\">F\u00fcgen Sie die URL ein<\/h3>\n\n\n\n<hr class=\"wp-block-separator has-alpha-channel-opacity is-style-wide\"\/>\n\n\n\n<p>Kehren Sie zu dieser UnduhVideoIg.App-Seite zur\u00fcck, f\u00fcgen Sie die URL in das Eingabefeld ein und klicken Sie auf \u201eHerunterladen\u201c.<\/p>\n<\/div>\n\n\n\n<div class=\"wp-block-column is-layout-flow wp-block-column-is-layout-flow\" style=\"box-shadow:var(--wp--preset--shadow--natural)\">\n<figure class=\"wp-block-image size-full has-custom-border\"><img loading=\"lazy\" decoding=\"async\" width=\"650\" height=\"413\" src=\"https:\/\/unduhvideoig.app\/wp-content\/uploads\/2025\/07\/download.webp\" alt=\"Herunterladen\" class=\"wp-image-498\" style=\"border-top-left-radius:10px;border-top-right-radius:10px\" srcset=\"https:\/\/unduhvideoig.app\/wp-content\/uploads\/2025\/07\/download.webp 650w, https:\/\/unduhvideoig.app\/wp-content\/uploads\/2025\/07\/download-300x191.webp 300w\" sizes=\"auto, (max-width: 650px) 100vw, 650px\" \/><\/figure>\n\n\n\n<h3 class=\"wp-block-heading has-text-align-center\">Herunterladen<\/h3>\n\n\n\n<hr class=\"wp-block-separator has-alpha-channel-opacity is-style-wide\"\/>\n\n\n\n<p>Im Karussell sehen Sie eine Liste aller Medien. Laden Sie einzelne, mehrere oder alle in voller Aufl\u00f6sung herunter.<\/p>\n<\/div>\n<\/div>\n\n\n\n<div class=\"wp-block-columns is-layout-flex wp-container-core-columns-is-layout-28f84493 wp-block-columns-is-layout-flex\" style=\"box-shadow:var(--wp--preset--shadow--natural)\">\n<div class=\"wp-block-column is-layout-flow wp-block-column-is-layout-flow\" style=\"flex-basis:33.33%\">\n<figure class=\"wp-block-image size-full\"><img loading=\"lazy\" decoding=\"async\" width=\"600\" height=\"450\" src=\"https:\/\/unduhvideoig.app\/wp-content\/uploads\/2025\/07\/mobile_app.webp\" alt=\"Mobile App\" class=\"wp-image-477\" srcset=\"https:\/\/unduhvideoig.app\/wp-content\/uploads\/2025\/07\/mobile_app.webp 600w, https:\/\/unduhvideoig.app\/wp-content\/uploads\/2025\/07\/mobile_app-300x225.webp 300w\" sizes=\"auto, (max-width: 600px) 100vw, 600px\" \/><\/figure>\n<\/div>\n\n\n\n<div class=\"wp-block-column is-layout-flow wp-block-column-is-layout-flow\" style=\"flex-basis:66.66%\">\n<h3 class=\"wp-block-heading\">Download auf Mobilger\u00e4t oder Desktop \u2013 keine App erforderlich<\/h3>\n\n\n\n<p>Alles funktioniert direkt in deinem Browser \u2013 keine Downloads oder Erweiterungen erforderlich. Lade alle Fotos, videos, reelss und IGTVs mit nur einem Klick herunter \u2013 ohne Wasserzeichen in hoher Aufl\u00f6sung! Power-User sollten aber dranbleiben \u2013 wir arbeiten an einer Browser-Erweiterung f\u00fcr noch einfacheren Zugriff.<\/p>\n<\/div>\n<\/div>\n\n\n\n<h2 class=\"wp-block-heading has-text-align-center\">Karussell-Downloader<\/h2>\n\n\n\n<hr class=\"wp-block-separator has-alpha-channel-opacity has-fabled-sunset-gradient-background has-background is-style-wide\"\/>\n\n\n\n<p>Dieses Tool funktioniert auch als Instagram-Album-Downloader \u2013 perfekt f\u00fcr Kreative, Studenten, Vermarkter und Fans, die einen vollst\u00e4ndigen Beitrag mit mehreren Medienelementen auf einmal speichern m\u00f6chten. Laden Sie selbst die gr\u00f6\u00dften Karussells in Sekundenschnelle herunter.<\/p>\n\n\n\n<div class=\"wp-block-columns is-layout-flex wp-container-core-columns-is-layout-28f84493 wp-block-columns-is-layout-flex\" style=\"box-shadow:var(--wp--preset--shadow--natural)\">\n<div class=\"wp-block-column is-layout-flow wp-block-column-is-layout-flow\" style=\"flex-basis:66.66%\">\n<h3 class=\"wp-block-heading\">IG-Album-Downloader<\/h3>\n\n\n\n<p>Das Herunterladen von Instagram-Karussell-Posts war fr\u00fcher kompliziert, aber jetzt nicht mehr. Mit unserem Album-Downloader f\u00fcgen Sie einfach den Link des Karussell-Posts ein \u2013 kein m\u00fchsames Suchen im Quellcode oder nach Foto-URLs. Es ist absolut sicher, da alle Bilder und videos direkt von den \u00f6ffentlichen Servern von Instagram heruntergeladen werden.<\/p>\n<\/div>\n\n\n\n<div class=\"wp-block-column is-layout-flow wp-block-column-is-layout-flow\" style=\"flex-basis:33.33%\">\n<figure class=\"wp-block-image size-full\"><img loading=\"lazy\" decoding=\"async\" width=\"600\" height=\"450\" src=\"https:\/\/unduhvideoig.app\/wp-content\/uploads\/2025\/07\/carousel_downloader.webp\" alt=\"Karussell-Downloader\" class=\"wp-image-475\" srcset=\"https:\/\/unduhvideoig.app\/wp-content\/uploads\/2025\/07\/carousel_downloader.webp 600w, https:\/\/unduhvideoig.app\/wp-content\/uploads\/2025\/07\/carousel_downloader-300x225.webp 300w\" sizes=\"auto, (max-width: 600px) 100vw, 600px\" \/><\/figure>\n<\/div>\n<\/div>\n\n\n\n<div class=\"wp-block-columns is-layout-flex wp-container-core-columns-is-layout-28f84493 wp-block-columns-is-layout-flex\" style=\"box-shadow:var(--wp--preset--shadow--natural)\">\n<div class=\"wp-block-column is-layout-flow wp-block-column-is-layout-flow\" style=\"flex-basis:33.33%\">\n<figure class=\"wp-block-image size-full\"><img loading=\"lazy\" decoding=\"async\" width=\"600\" height=\"450\" src=\"https:\/\/unduhvideoig.app\/wp-content\/uploads\/2025\/07\/photos_downloader.webp\" alt=\"Foto-Downloader\" class=\"wp-image-471\" srcset=\"https:\/\/unduhvideoig.app\/wp-content\/uploads\/2025\/07\/photos_downloader.webp 600w, https:\/\/unduhvideoig.app\/wp-content\/uploads\/2025\/07\/photos_downloader-300x225.webp 300w\" sizes=\"auto, (max-width: 600px) 100vw, 600px\" \/><\/figure>\n<\/div>\n\n\n\n<div class=\"wp-block-column is-layout-flow wp-block-column-is-layout-flow\" style=\"flex-basis:66.66%\">\n<h3 class=\"wp-block-heading\">Mehrere Fotos herunterladen<\/h3>\n\n\n\n<p>Mit unserem Instagram-Multi-Foto-Downloader k\u00f6nnen Sie ganz einfach mehrere Bilder eines Beitrags gleichzeitig speichern. Egal ob zwei oder zehn Fotos \u2013 Sie k\u00f6nnen sie alle in ihrer originalen, hochwertigen Aufl\u00f6sung herunterladen. Das Tool unterst\u00fctzt Full-HD-Bilder und videos, sodass Sie Ihre Lieblingsinhalte kompromisslos speichern k\u00f6nnen.<\/p>\n<\/div>\n<\/div>\n\n\n\n<h2 class=\"wp-block-heading has-text-align-center\">H\u00e4ufig gestellte Fragen (FAQ)<\/h2>\n\n\n\n<hr class=\"wp-block-separator has-alpha-channel-opacity has-fabled-sunset-gradient-background has-background is-style-wide\"\/>\n\n\n\n<p>Hier finden Sie Antworten auf h\u00e4ufig gestellte Fragen zur Verwendung unseres Instagram-Downloaders UnduhVideoIg.App. Sollte Ihre Frage nicht aufgef\u00fchrt sein, k\u00f6nnen Sie uns jederzeit \u00fcber das E-Mail-Formular auf unserer Kontaktseite kontaktieren.<\/p>\n\n\n\n<h3 class=\"wp-block-heading\">Was ist der einfachste Weg, Instagram-Karussellbeitr\u00e4ge herunterzuladen?<\/h3>\n\n\n\n<p>Kopieren Sie einfach den Link des Karussell-Posts von Instagram, f\u00fcgen Sie ihn in das Feld oben bei UnduhVideoIg ein und klicken Sie auf \u201eHerunterladen\u201c. Sie k\u00f6nnen alle Bilder und videos in Sekundenschnelle herunterladen.<\/p>\n\n\n\n<h3 class=\"wp-block-heading\">Wie ist die Qualit\u00e4t der \u00fcber das Karussell heruntergeladenen Inhalte?<\/h3>\n\n\n\n<p>Wir behalten die urspr\u00fcngliche Upload-Qualit\u00e4t von Carousel bei. Sie erhalten hochaufl\u00f6sende JPG-Bilder und MP4-videos so, wie sie gepostet wurden \u2013 ohne Komprimierung oder Wasserzeichen, die vom UnduhVideoIg.App-Downloader hinzugef\u00fcgt wurden.<\/p>\n\n\n\n<h3 class=\"wp-block-heading\">Kann ich dieses Tool zum Herunterladen von Karussellbeitr\u00e4gen auf dem Handy oder Desktop verwenden?<\/h3>\n\n\n\n<p>Ja! Unser Bild-Downloader funktioniert auf allen Ger\u00e4ten, Browsern und Betriebssystemen \u2013 stellen Sie einfach sicher, dass Sie mit dem Internet verbunden sind.<\/p>\n\n\n\n<h3 class=\"wp-block-heading\">Was genau ist ein Instagram-Karussell?<\/h3>\n\n\n\n<p>Ein Karussell (oder eine Diashow) ist ein Beitrag mit bis zu zehn Fotos und\/oder videos in einem wischbaren Format. Sie eignen sich gut f\u00fcr Storytelling, Produktpr\u00e4sentationen und Tutorials.<\/p>\n\n\n\n<h3 class=\"wp-block-heading\">Ist dieses Tool kostenlos und sicher?<\/h3>\n\n\n\n<p>Absolut. Es ist kostenlos, sammelt keine Benutzerdaten und l\u00e4uft vollst\u00e4ndig in Ihrem Browser, um Instagram-Diashows mit dem Tool UnduhVideoIg herunterzuladen.<\/p>","protected":false},"excerpt":{"rendered":"<p>IG Carousel Downloader Download Carousel from Instagram Download With the usage of our service, you\u2019re accepting our Terms of Usage. Download Instagram Carousels Instagram carousel posts let users share up to 10 images or videos in a single post, making them perfect for stories, tutorials, lookbooks, and albums. But what if you want to download [&hellip;]<\/p>\n","protected":false},"author":1,"featured_media":0,"parent":0,"menu_order":0,"comment_status":"closed","ping_status":"closed","template":"","meta":{"slim_seo":{"title":"Instagram Carousel Downloader \u2013 Laden Sie mehrere Instagram-Fotos und -Videos herunter","description":"Laden Sie IG Carousel kostenlos und ohne App herunter. Speichern Sie Ihre Lieblings-Karussellfotos und videos von Instagram einfach, schnell, in HD-Qualit\u00e4t und ohne Wasserzeichen online!"},"footnotes":""},"class_list":["post-375","page","type-page","status-publish","hentry"],"blocksy_meta":{"background":{"background_type":"color","background_pattern":"type-1","background_image":{"attachment_id":null,"x":0,"y":0},"gradient":"linear-gradient(135deg,rgba(6,147,227,1) 0%,rgb(155,81,224) 100%)","background_repeat":"repeat","background_size":"auto","background_attachment":"scroll","patternColor":{"default":{"color":"#e5e7ea"}},"overlayColor":{"default":{"color":"CT_CSS_SKIP_RULE"}},"backgroundColor":{"default":{"color":"CT_CSS_SKIP_RULE"}}},"styles_descriptor":{"styles":{"desktop":"[data-prefix=\"single_page\"] [class*=\"ct-container\"] > article[class*=\"post\"] {--has-boxed:var(--false);--has-wide:var(--true);}","tablet":"","mobile":""},"google_fonts":[],"version":6},"content_style_source":"custom","content_style":"wide","has_hero_section":"disabled"},"_links":{"self":[{"href":"https:\/\/unduhvideoig.app\/de\/wp-json\/wp\/v2\/pages\/375","targetHints":{"allow":["GET"]}}],"collection":[{"href":"https:\/\/unduhvideoig.app\/de\/wp-json\/wp\/v2\/pages"}],"about":[{"href":"https:\/\/unduhvideoig.app\/de\/wp-json\/wp\/v2\/types\/page"}],"author":[{"embeddable":true,"href":"https:\/\/unduhvideoig.app\/de\/wp-json\/wp\/v2\/users\/1"}],"replies":[{"embeddable":true,"href":"https:\/\/unduhvideoig.app\/de\/wp-json\/wp\/v2\/comments?post=375"}],"version-history":[{"count":20,"href":"https:\/\/unduhvideoig.app\/de\/wp-json\/wp\/v2\/pages\/375\/revisions"}],"predecessor-version":[{"id":658,"href":"https:\/\/unduhvideoig.app\/de\/wp-json\/wp\/v2\/pages\/375\/revisions\/658"}],"wp:attachment":[{"href":"https:\/\/unduhvideoig.app\/de\/wp-json\/wp\/v2\/media?parent=375"}],"curies":[{"name":"wp","href":"https:\/\/api.w.org\/{rel}","templated":true}]}}