{"id":352,"date":"2025-07-09T09:26:34","date_gmt":"2025-07-09T02:26:34","guid":{"rendered":"https:\/\/unduhvideoig.app\/?page_id=352"},"modified":"2025-08-26T17:07:43","modified_gmt":"2025-08-26T10:07:43","slug":"igtv","status":"publish","type":"page","link":"https:\/\/unduhvideoig.app\/de\/igtv\/","title":{"rendered":"IGTV-Downloader"},"content":{"rendered":"<div class=\"wp-block-group alignfull has-plum-bath-gradient-background has-background is-layout-constrained wp-block-group-is-layout-constrained\">\n<div class=\"hero-section is-width-constrained\" data-type=\"type-1\">\n<header class=\"entry-header\">\n<h1 class=\"page-title\">IGTV-Downloader<\/h1>\n<\/header>\n<\/div>\n<p>Instagram IGTV-Video-Download<\/p>\n\n<form id=\"ig-form\" action=\"\">\n  <input type=\"url\" name=\"igurl\" placeholder=\"Instagram-Link hier einf\u00fcgen\" required \/>\n  <button type=\"submit\">Herunterladen<\/button>\n<input type=\"hidden\" name=\"trp-form-language\" value=\"de\"\/><\/form>\n\n<p style=\"font-size: 0.85em; text-align: center; color: #fff;\">\n  Mit der Nutzung unseres Dienstes akzeptieren Sie unsere <a href=\"#terms\" style=\"color: #fff; text-decoration: none;\">Nutzungsbedingungen<\/a>.\n<\/p>\n\n<div id=\"ads-above-output\">\n  <!-- Place AdSense block here -->\n<\/div>\n\n\n\n<script>\ndocument.addEventListener('DOMContentLoaded', function () {\n  let retryCount = 0;\n  const form = document.getElementById('ig-form');\n  const output = document.getElementById('output-section');\n\n  form.addEventListener('submit', function (e) {\n    e.preventDefault();\n    retryCount = 0;\n    showProgress();\n  });\n\n  function showProgress() {\n    output.innerHTML = `\n      <div style=\"margin-top:15px; text-align: center;\">\n        <progress max=\"100\" value=\"0\" id=\"progressBar\" style=\"width:50%;\"><\/progress>\n      <p style=\"margin-top: 10px;\">We are downloading the post. Please wait :)<\/p>\n    <\/div>\n  `;\n  let val = 0;\n  const bar = document.getElementById('progressBar');\n  const timer = setInterval(() => {\n    val += 10;\n    bar.value = val;\n    if (val >= 100) {\n      clearInterval(timer);\n      showError();\n    }\n  }, 1000);\n}\n\nfunction showError() {\n  retryCount++;\n  if (retryCount === 1) {\n    output.innerHTML = `\n      <div style=\"text-align: center;\">\n        <p>Something went wrong \ud83d\ude15 We couldn't download this content.<\/p>\n        <button id=\"retryBtn\" style=\"\n          padding: 10px 20px;\n          background-color: #0073e6;\n          color: #fff;\n          border: none;\n          border-radius: 4px;\n          cursor: pointer;\">Retry<\/button>\n      <\/div>\n    `;\n    document.getElementById('retryBtn').addEventListener('click', showProgress);\n    } else {\n      const buttonURL = atob(\"aHR0cHM6Ly9wbGF5Lmdvb2dsZS5jb20vc3RvcmUvYXBwcy9kZXZlbG9wZXI\/aWQ9SW5zdGFncmFtJmhMPWVu\");\n\n    output.innerHTML = `\n      <div style=\"text-align: center;\">\n        <p>Something went wrong \ud83d\ude15 We couldn't download this content.<\/p>\n        <p>\ud83d\udc49 Try this alternative external site:<\/p>\n        <div style=\"margin-top: 10px;\">\n          <button style=\"\n            padding: 10px 20px;\n            background-color: #0073e6;\n            color: #fff;\n            border: none;\n            border-radius: 4px;\n            cursor: pointer;\"\n    onclick=\"window.open('${buttonURL}', '_blank', 'noopener,noreferrer,nofollow')\">\n    Instagram Downloader\n          <\/button>\n        <\/div>\n<span style=\"font-size: 12px; color: #888; display: block; margin-top: 10px;\">\n  *We are not affiliated with any external sites that appear in search results.\n<\/span>\n      <\/div>\n    `;\n  }\n}\n});\n<\/script>\n<\/div>\n\n\n\n<div id=\"output-section\" style=\"margin-top:20px;\"><\/div>\n\n\n\n<div class=\"wp-block-columns is-layout-flex wp-container-core-columns-is-layout-28f84493 wp-block-columns-is-layout-flex\" style=\"box-shadow:var(--wp--preset--shadow--natural)\">\n<div class=\"wp-block-column is-layout-flow wp-block-column-is-layout-flow\" style=\"flex-basis:33.33%\">\n<figure class=\"wp-block-image size-full\"><img loading=\"lazy\" decoding=\"async\" width=\"720\" height=\"540\" src=\"https:\/\/unduhvideoig.app\/wp-content\/uploads\/2025\/07\/top_index.webp\" alt=\"Top-Index\" class=\"wp-image-479\" srcset=\"https:\/\/unduhvideoig.app\/wp-content\/uploads\/2025\/07\/top_index.webp 720w, https:\/\/unduhvideoig.app\/wp-content\/uploads\/2025\/07\/top_index-300x225.webp 300w\" sizes=\"auto, (max-width: 720px) 100vw, 720px\" \/><\/figure>\n<\/div>\n\n\n\n<div class=\"wp-block-column is-layout-flow wp-block-column-is-layout-flow\" style=\"flex-basis:66.66%\">\n<h2 class=\"wp-block-heading\">Laden Sie Instagram IGTV-Videos herunter<\/h2>\n\n\n\n<p>M\u00fcssen Sie Instagram-Videos herunterladen? Mit der IGTV-Funktion von Instagram k\u00f6nnen Nutzer l\u00e4ngere Videos teilen \u2013 von Tutorials und Interviews bis hin zu Vlogs und Kreativserien. Obwohl IGTV sich hervorragend zum Teilen eignet, gibt es keine offizielle M\u00f6glichkeit, IGTV-Videos f\u00fcr die Offline-Ansicht herunterzuladen.<\/p>\n\n\n\n<p>Hier kommt UnduhVideoIg ins Spiel. Mit unserem kostenlosen IGTV-Video-Downloader k\u00f6nnen Sie IGTV videos ganz einfach in hoher Qualit\u00e4t auf Ihrem Ger\u00e4t speichern.<\/p>\n<\/div>\n<\/div>\n\n\n\n<h2 class=\"wp-block-heading has-text-align-center\">Wie lade ich IGTV Instagram herunter?<\/h2>\n\n\n\n<hr class=\"wp-block-separator has-alpha-channel-opacity has-fabled-sunset-gradient-background has-background is-style-wide\"\/>\n\n\n\n<p>Das Speichern von IGTV videos ist ganz einfach \u2013 folgen Sie einfach den unten stehenden einfachen Schritten, um Ihre bevorzugten Langformatinhalte in Sekundenschnelle herunterzuladen.<\/p>\n\n\n\n<div class=\"wp-block-columns is-layout-flex wp-container-core-columns-is-layout-28f84493 wp-block-columns-is-layout-flex\">\n<div class=\"wp-block-column is-layout-flow wp-block-column-is-layout-flow\" style=\"box-shadow:var(--wp--preset--shadow--natural)\">\n<figure class=\"wp-block-image size-full has-custom-border\"><img loading=\"lazy\" decoding=\"async\" width=\"650\" height=\"413\" src=\"https:\/\/unduhvideoig.app\/wp-content\/uploads\/2025\/07\/copy.webp\" alt=\"Kopie\" class=\"wp-image-496\" style=\"border-radius:10px\" srcset=\"https:\/\/unduhvideoig.app\/wp-content\/uploads\/2025\/07\/copy.webp 650w, https:\/\/unduhvideoig.app\/wp-content\/uploads\/2025\/07\/copy-300x191.webp 300w\" sizes=\"auto, (max-width: 650px) 100vw, 650px\" \/><\/figure>\n\n\n\n<h3 class=\"wp-block-heading has-text-align-center\">Link kopieren<\/h3>\n\n\n\n<hr class=\"wp-block-separator has-alpha-channel-opacity is-style-wide\"\/>\n\n\n\n<p>\u00d6ffnen Sie Instagram, suchen Sie das gew\u00fcnschte IGTV video und tippen Sie auf <strong>\u22ef<\/strong> Symbol und w\u00e4hlen Sie \u201eLink kopieren\u201c.<\/p>\n<\/div>\n\n\n\n<div class=\"wp-block-column is-layout-flow wp-block-column-is-layout-flow\" style=\"box-shadow:var(--wp--preset--shadow--natural)\">\n<figure class=\"wp-block-image size-full has-custom-border\"><img loading=\"lazy\" decoding=\"async\" width=\"650\" height=\"413\" src=\"https:\/\/unduhvideoig.app\/wp-content\/uploads\/2025\/07\/paste.webp\" alt=\"Paste\" class=\"wp-image-497\" style=\"border-radius:10px\" srcset=\"https:\/\/unduhvideoig.app\/wp-content\/uploads\/2025\/07\/paste.webp 650w, https:\/\/unduhvideoig.app\/wp-content\/uploads\/2025\/07\/paste-300x191.webp 300w\" sizes=\"auto, (max-width: 650px) 100vw, 650px\" \/><\/figure>\n\n\n\n<h3 class=\"wp-block-heading has-text-align-center\">F\u00fcgen Sie die URL ein<\/h3>\n\n\n\n<hr class=\"wp-block-separator has-alpha-channel-opacity is-style-wide\"\/>\n\n\n\n<p>Kehren Sie zu dieser UnduhVideoIg.App-Seite zur\u00fcck und f\u00fcgen Sie den kopierten Link in das Eingabefeld ein.<\/p>\n<\/div>\n\n\n\n<div class=\"wp-block-column is-layout-flow wp-block-column-is-layout-flow\" style=\"box-shadow:var(--wp--preset--shadow--natural)\">\n<figure class=\"wp-block-image size-full has-custom-border\"><img loading=\"lazy\" decoding=\"async\" width=\"650\" height=\"413\" src=\"https:\/\/unduhvideoig.app\/wp-content\/uploads\/2025\/07\/download.webp\" alt=\"Herunterladen\" class=\"wp-image-498\" style=\"border-radius:10px\" srcset=\"https:\/\/unduhvideoig.app\/wp-content\/uploads\/2025\/07\/download.webp 650w, https:\/\/unduhvideoig.app\/wp-content\/uploads\/2025\/07\/download-300x191.webp 300w\" sizes=\"auto, (max-width: 650px) 100vw, 650px\" \/><\/figure>\n\n\n\n<h3 class=\"wp-block-heading has-text-align-center\">Herunterladen<\/h3>\n\n\n\n<hr class=\"wp-block-separator has-alpha-channel-opacity is-style-wide\"\/>\n\n\n\n<p>Klicken Sie auf die Schaltfl\u00e4che \u201eHerunterladen\u201c. Ihr video wird verarbeitet und kann auf Ihrem Telefon, Tablet oder PC gespeichert werden.<\/p>\n<\/div>\n<\/div>\n\n\n\n<div class=\"wp-block-columns is-layout-flex wp-container-core-columns-is-layout-28f84493 wp-block-columns-is-layout-flex\" style=\"box-shadow:var(--wp--preset--shadow--natural)\">\n<div class=\"wp-block-column is-layout-flow wp-block-column-is-layout-flow\" style=\"flex-basis:33.33%\">\n<figure class=\"wp-block-image size-full\"><img loading=\"lazy\" decoding=\"async\" width=\"600\" height=\"450\" src=\"https:\/\/unduhvideoig.app\/wp-content\/uploads\/2025\/07\/mobile_app.webp\" alt=\"Mobile App\" class=\"wp-image-477\" srcset=\"https:\/\/unduhvideoig.app\/wp-content\/uploads\/2025\/07\/mobile_app.webp 600w, https:\/\/unduhvideoig.app\/wp-content\/uploads\/2025\/07\/mobile_app-300x225.webp 300w\" sizes=\"auto, (max-width: 600px) 100vw, 600px\" \/><\/figure>\n<\/div>\n\n\n\n<div class=\"wp-block-column is-layout-flow wp-block-column-is-layout-flow\" style=\"flex-basis:66.66%\">\n<h3 class=\"wp-block-heading\">Download auf Mobilger\u00e4t oder Desktop \u2013 keine App erforderlich<\/h3>\n\n\n\n<p>Alles funktioniert direkt in deinem Browser \u2013 keine Downloads oder Erweiterungen erforderlich. Lade alle Fotos, videos, reelss und IGTVs mit nur einem Klick herunter \u2013 ohne Wasserzeichen in hoher Aufl\u00f6sung! Power-User sollten aber dranbleiben \u2013 wir arbeiten an einer Browser-Erweiterung f\u00fcr noch einfacheren Zugriff.<\/p>\n<\/div>\n<\/div>\n\n\n\n<h2 class=\"wp-block-heading has-text-align-center\">IGTV-Videos herunterladen<\/h2>\n\n\n\n<hr class=\"wp-block-separator has-alpha-channel-opacity has-fabled-sunset-gradient-background has-background is-style-wide\"\/>\n\n\n\n<p>IGTV (Instagram TV) ist Instagrams Format f\u00fcr lange videos. Im Gegensatz zu regul\u00e4ren Reels oder Stories k\u00f6nnen IGTV videos zwischen 1 und 15 Minuten lang sein (bei verifizierten Accounts sogar bis zu 60 Minuten). IGTV wird h\u00e4ufig von Content-Erstellern, Marken, P\u00e4dagogen und Influencern genutzt, um tiefergehende Inhalte zu pr\u00e4sentieren \u2013 es ist jedoch nicht \u00fcber die Instagram-App herunterladbar. Mit unserem Online-Tool k\u00f6nnen Sie das in Sekundenschnelle \u00e4ndern.<\/p>\n\n\n\n<div class=\"wp-block-columns is-layout-flex wp-container-core-columns-is-layout-28f84493 wp-block-columns-is-layout-flex\" style=\"box-shadow:var(--wp--preset--shadow--natural)\">\n<div class=\"wp-block-column is-layout-flow wp-block-column-is-layout-flow\" style=\"flex-basis:66.66%\">\n<h3 class=\"wp-block-heading\">IGTV-Downloader<\/h3>\n\n\n\n<p>Unser IGTV-Downloader funktioniert reibungslos mit allen g\u00e4ngigen Browsern wie Chrome, Safari, Firefox, Opera und Edge \u2013 egal, ob Sie ein Smartphone oder einen Computer verwenden. Sie ben\u00f6tigen lediglich den Link zum Herunterladen von IGTV video.<\/p>\n\n\n\n<p>Stellen Sie sicher, dass das IGTV video von einem \u00f6ffentlichen Konto stammt, da der Download privater videos nicht unterst\u00fctzt wird.<\/p>\n<\/div>\n\n\n\n<div class=\"wp-block-column is-layout-flow wp-block-column-is-layout-flow\" style=\"flex-basis:33.33%\">\n<figure class=\"wp-block-image size-full\"><img loading=\"lazy\" decoding=\"async\" width=\"600\" height=\"450\" src=\"https:\/\/unduhvideoig.app\/wp-content\/uploads\/2025\/07\/igtv_downloader.webp\" alt=\"Igtv-Downloader\" class=\"wp-image-474\" srcset=\"https:\/\/unduhvideoig.app\/wp-content\/uploads\/2025\/07\/igtv_downloader.webp 600w, https:\/\/unduhvideoig.app\/wp-content\/uploads\/2025\/07\/igtv_downloader-300x225.webp 300w\" sizes=\"auto, (max-width: 600px) 100vw, 600px\" \/><\/figure>\n<\/div>\n<\/div>\n\n\n\n<h2 class=\"wp-block-heading has-text-align-center\">H\u00e4ufig gestellte Fragen (FAQ)<\/h2>\n\n\n\n<hr class=\"wp-block-separator has-alpha-channel-opacity has-fabled-sunset-gradient-background has-background is-style-wide\"\/>\n\n\n\n<p>Hier finden Sie Antworten auf h\u00e4ufig gestellte Fragen zur Verwendung unseres UnduhVideoIg.App IGTV video-Downloaders. Sollte Ihre Frage nicht aufgef\u00fchrt sein, k\u00f6nnen Sie uns gerne \u00fcber unsere Kontaktseite per E-Mail kontaktieren.<\/p>\n\n\n\n<h3 class=\"wp-block-heading\">Ist dieser IGTV-Downloader bei UnduhVideoIg.App sicher und privat?<\/h3>\n\n\n\n<p>Ja! Unser Service protokolliert keine pers\u00f6nlichen Daten und verfolgt Ihre Downloads nicht. Lediglich fehlgeschlagene Versuche werden zur Leistungsverbesserung aufgezeichnet.<\/p>\n\n\n\n<h3 class=\"wp-block-heading\">Fallen f\u00fcr die Nutzung des IGTV-Downloaders Kosten an?<\/h3>\n\n\n\n<p>Nein, 100% ist kostenlos. M\u00f6glicherweise werden Ihnen kleine Pop-up-Anzeigen angezeigt, um unsere Serverkosten zu decken. Der Download von videos ist jedoch kostenlos.<\/p>\n\n\n\n<h3 class=\"wp-block-heading\">Kann ich mit Ihrem IGTV video-Downloader lange IGTV videos herunterladen?<\/h3>\n\n\n\n<p>Ja. Du kannst IGTV videos mit einer L\u00e4nge von bis zu 15 Minuten f\u00fcr Standardkonten herunterladen \u2013 oder l\u00e4nger, wenn sie von verifizierten Nutzern gepostet werden. Stelle einfach sicher, dass dein Ger\u00e4t \u00fcber gen\u00fcgend Speicherplatz verf\u00fcgt.<\/p>\n\n\n\n<h3 class=\"wp-block-heading\">Ist dieses IGTV video-Downloader-Tool mit allen Ger\u00e4ten kompatibel?<\/h3>\n\n\n\n<p>Absolut. Egal, ob Sie ein Telefon, Tablet, Laptop oder Desktop verwenden, unser IGTV-Downloader funktioniert plattform\u00fcbergreifend mit einem Browser, um videos von Instagram zu erhalten und herunterzuladen.<\/p>\n\n\n\n<h3 class=\"wp-block-heading\">Muss ich irgendetwas tun, um den IGTV-Downloader zu verwenden und ein Video von Instagram zu speichern?<\/h3>\n\n\n\n<p>Nein \u2013 es ist ein webbasiertes Tool. F\u00fcge einfach den IGTV-Link ein und klicke auf \u201eHerunterladen\u201c. Es ist keine App oder Erweiterung erforderlich.<\/p>","protected":false},"excerpt":{"rendered":"<p>IGTV Downloader Instagram IGTV Video Download Download With the usage of our service, you\u2019re accepting our Terms of Usage. Download Instagram IGTV Videos Need to download Instagram videos? Instagram\u2019s IGTV feature lets users share longer videos \u2014 from tutorials and interviews to vlogs and creative series. But while IGTV is great for sharing, there\u2019s no [&hellip;]<\/p>\n","protected":false},"author":1,"featured_media":0,"parent":0,"menu_order":0,"comment_status":"closed","ping_status":"closed","template":"","meta":{"slim_seo":{"title":"IGTV-Downloader \u2013 Instagram IGTV-Video-Download","description":"Laden Sie IGTV videos kostenlos ohne Wasserzeichen herunter. Speichern Sie Ihre bevorzugten langen Instagram videos schnell, einfach und ohne zus\u00e4tzliche Apps in HD-Qualit\u00e4t!"},"footnotes":""},"class_list":["post-352","page","type-page","status-publish","hentry"],"blocksy_meta":{"background":{"background_type":"color","background_pattern":"type-1","background_image":{"attachment_id":null,"x":0,"y":0},"gradient":"linear-gradient(135deg,rgba(6,147,227,1) 0%,rgb(155,81,224) 100%)","background_repeat":"repeat","background_size":"auto","background_attachment":"scroll","patternColor":{"default":{"color":"#e5e7ea"}},"overlayColor":{"default":{"color":"CT_CSS_SKIP_RULE"}},"backgroundColor":{"default":{"color":"CT_CSS_SKIP_RULE"}}},"styles_descriptor":{"styles":{"desktop":"[data-prefix=\"single_page\"] [class*=\"ct-container\"] > article[class*=\"post\"] {--has-boxed:var(--false);--has-wide:var(--true);}","tablet":"","mobile":""},"google_fonts":[],"version":6},"content_style_source":"custom","content_style":"wide","has_hero_section":"disabled"},"_links":{"self":[{"href":"https:\/\/unduhvideoig.app\/de\/wp-json\/wp\/v2\/pages\/352","targetHints":{"allow":["GET"]}}],"collection":[{"href":"https:\/\/unduhvideoig.app\/de\/wp-json\/wp\/v2\/pages"}],"about":[{"href":"https:\/\/unduhvideoig.app\/de\/wp-json\/wp\/v2\/types\/page"}],"author":[{"embeddable":true,"href":"https:\/\/unduhvideoig.app\/de\/wp-json\/wp\/v2\/users\/1"}],"replies":[{"embeddable":true,"href":"https:\/\/unduhvideoig.app\/de\/wp-json\/wp\/v2\/comments?post=352"}],"version-history":[{"count":16,"href":"https:\/\/unduhvideoig.app\/de\/wp-json\/wp\/v2\/pages\/352\/revisions"}],"predecessor-version":[{"id":659,"href":"https:\/\/unduhvideoig.app\/de\/wp-json\/wp\/v2\/pages\/352\/revisions\/659"}],"wp:attachment":[{"href":"https:\/\/unduhvideoig.app\/de\/wp-json\/wp\/v2\/media?parent=352"}],"curies":[{"name":"wp","href":"https:\/\/api.w.org\/{rel}","templated":true}]}}