{"id":323,"date":"2025-07-08T17:20:00","date_gmt":"2025-07-08T10:20:00","guid":{"rendered":"https:\/\/unduhvideoig.app\/?page_id=323"},"modified":"2025-08-26T17:02:52","modified_gmt":"2025-08-26T10:02:52","slug":"instagram-reels","status":"publish","type":"page","link":"https:\/\/unduhvideoig.app\/de\/instagram-reels\/","title":{"rendered":"Instagram Reels Downloader"},"content":{"rendered":"<div class=\"wp-block-group alignfull has-plum-bath-gradient-background has-background is-layout-constrained wp-block-group-is-layout-constrained\">\n<div class=\"hero-section is-width-constrained\" data-type=\"type-1\">\n<header class=\"entry-header\">\n<h1 class=\"page-title\">Instagram Reels Downloader<\/h1>\n<\/header>\n<\/div>\n<p>Laden Sie Reels von Instagram herunter<\/p>\n\n<form id=\"ig-form\" action=\"\">\n  <input type=\"url\" name=\"igurl\" placeholder=\"Instagram-Link hier einf\u00fcgen\" required \/>\n  <button type=\"submit\">Herunterladen<\/button>\n<input type=\"hidden\" name=\"trp-form-language\" value=\"de\"\/><\/form>\n\n<p style=\"font-size: 0.85em; text-align: center; color: #fff;\">\n  Mit der Nutzung unseres Dienstes akzeptieren Sie unsere <a href=\"#terms\" style=\"color: #fff; text-decoration: none;\">Nutzungsbedingungen<\/a>.\n<\/p>\n\n<div id=\"ads-above-output\">\n  <!-- Place AdSense block here -->\n<\/div>\n\n\n\n<script>\ndocument.addEventListener('DOMContentLoaded', function () {\n  let retryCount = 0;\n  const form = document.getElementById('ig-form');\n  const output = document.getElementById('output-section');\n\n  form.addEventListener('submit', function (e) {\n    e.preventDefault();\n    retryCount = 0;\n    showProgress();\n  });\n\n  function showProgress() {\n    output.innerHTML = `\n      <div style=\"margin-top:15px; text-align: center;\">\n        <progress max=\"100\" value=\"0\" id=\"progressBar\" style=\"width:50%;\"><\/progress>\n      <p style=\"margin-top: 10px;\">We are downloading the post. Please wait :)<\/p>\n    <\/div>\n  `;\n  let val = 0;\n  const bar = document.getElementById('progressBar');\n  const timer = setInterval(() => {\n    val += 10;\n    bar.value = val;\n    if (val >= 100) {\n      clearInterval(timer);\n      showError();\n    }\n  }, 1000);\n}\n\nfunction showError() {\n  retryCount++;\n  if (retryCount === 1) {\n    output.innerHTML = `\n      <div style=\"text-align: center;\">\n        <p>Something went wrong \ud83d\ude15 We couldn't download this content.<\/p>\n        <button id=\"retryBtn\" style=\"\n          padding: 10px 20px;\n          background-color: #0073e6;\n          color: #fff;\n          border: none;\n          border-radius: 4px;\n          cursor: pointer;\">Retry<\/button>\n      <\/div>\n    `;\n    document.getElementById('retryBtn').addEventListener('click', showProgress);\n    } else {\n      const buttonURL = atob(\"aHR0cHM6Ly9wbGF5Lmdvb2dsZS5jb20vc3RvcmUvYXBwcy9kZXZlbG9wZXI\/aWQ9SW5zdGFncmFtJmhMPWVu\");\n\n    output.innerHTML = `\n      <div style=\"text-align: center;\">\n        <p>Something went wrong \ud83d\ude15 We couldn't download this content.<\/p>\n        <p>\ud83d\udc49 Try this alternative external site:<\/p>\n        <div style=\"margin-top: 10px;\">\n          <button style=\"\n            padding: 10px 20px;\n            background-color: #0073e6;\n            color: #fff;\n            border: none;\n            border-radius: 4px;\n            cursor: pointer;\"\n    onclick=\"window.open('${buttonURL}', '_blank', 'noopener,noreferrer,nofollow')\">\n    Instagram Downloader\n          <\/button>\n        <\/div>\n<span style=\"font-size: 12px; color: #888; display: block; margin-top: 10px;\">\n  *We are not affiliated with any external sites that appear in search results.\n<\/span>\n      <\/div>\n    `;\n  }\n}\n});\n<\/script>\n<\/div>\n\n\n\n<div id=\"output-section\" style=\"margin-top:20px;\"><\/div>\n\n\n\n<div class=\"wp-block-columns is-layout-flex wp-container-core-columns-is-layout-28f84493 wp-block-columns-is-layout-flex\" style=\"box-shadow:var(--wp--preset--shadow--natural)\">\n<div class=\"wp-block-column is-layout-flow wp-block-column-is-layout-flow\" style=\"flex-basis:33.33%\">\n<figure class=\"wp-block-image size-full\"><img loading=\"lazy\" decoding=\"async\" width=\"720\" height=\"540\" src=\"https:\/\/unduhvideoig.app\/wp-content\/uploads\/2025\/07\/top_index.webp\" alt=\"Top-Index\" class=\"wp-image-479\" srcset=\"https:\/\/unduhvideoig.app\/wp-content\/uploads\/2025\/07\/top_index.webp 720w, https:\/\/unduhvideoig.app\/wp-content\/uploads\/2025\/07\/top_index-300x225.webp 300w\" sizes=\"auto, (max-width: 720px) 100vw, 720px\" \/><\/figure>\n<\/div>\n\n\n\n<div class=\"wp-block-column is-layout-flow wp-block-column-is-layout-flow\" style=\"flex-basis:66.66%\">\n<h2 class=\"wp-block-heading\">Laden Sie Instagram Reels-Videos herunter<\/h2>\n\n\n\n<p>Mit dem UnduhVideoIg.App reels-Downloader k\u00f6nnen Sie Instagram Reels videos ganz einfach im MP4-Format auf Ihr Ger\u00e4t herunterladen \u2013 ohne App und ohne Anmeldung. M\u00f6chten Sie Ihre Lieblings-Reels herunterladen, um sie offline anzusehen oder sp\u00e4ter zu teilen?<\/p>\n\n\n\n<p>Egal, ob Sie mobil oder am Desktop sind, unser Reels-Downloader funktioniert beim Herunterladen von Reels einwandfrei und sicher. So behalten Sie Ihre Lieblingsinhalte ganz einfach direkt auf Ihrem Ger\u00e4t.<\/p>\n<\/div>\n<\/div>\n\n\n\n<h2 class=\"wp-block-heading has-text-align-center\">Wie lade ich Instagram Reels herunter?<\/h2>\n\n\n\n<hr class=\"wp-block-separator has-alpha-channel-opacity has-fabled-sunset-gradient-background has-background is-style-wide\"\/>\n\n\n\n<p>Befolgen Sie diese drei einfachen Schritte, um unseren Instagram Reels-Downloader zu verwenden \u2013 er ist so konzipiert, dass Sie Ihre Lieblings-Reels schnell, einfach und problemlos speichern k\u00f6nnen.<\/p>\n\n\n\n<div class=\"wp-block-columns is-layout-flex wp-container-core-columns-is-layout-28f84493 wp-block-columns-is-layout-flex\">\n<div class=\"wp-block-column is-layout-flow wp-block-column-is-layout-flow\" style=\"box-shadow:var(--wp--preset--shadow--natural)\">\n<figure class=\"wp-block-image size-full has-custom-border\"><img loading=\"lazy\" decoding=\"async\" width=\"650\" height=\"413\" src=\"https:\/\/unduhvideoig.app\/wp-content\/uploads\/2025\/07\/copy.webp\" alt=\"Kopie\" class=\"wp-image-496\" style=\"border-radius:10px\" srcset=\"https:\/\/unduhvideoig.app\/wp-content\/uploads\/2025\/07\/copy.webp 650w, https:\/\/unduhvideoig.app\/wp-content\/uploads\/2025\/07\/copy-300x191.webp 300w\" sizes=\"auto, (max-width: 650px) 100vw, 650px\" \/><\/figure>\n\n\n\n<h3 class=\"wp-block-heading has-text-align-center\">Link kopieren<\/h3>\n\n\n\n<hr class=\"wp-block-separator has-alpha-channel-opacity is-style-wide\"\/>\n\n\n\n<p>\u00d6ffnen Sie Instagram (App oder Browser), navigieren Sie zu den gew\u00fcnschten Reels, tippen Sie auf das Men\u00fc \u22ef und w\u00e4hlen Sie \u201eLink kopieren\u201c.<\/p>\n<\/div>\n\n\n\n<div class=\"wp-block-column is-layout-flow wp-block-column-is-layout-flow\" style=\"box-shadow:var(--wp--preset--shadow--natural)\">\n<figure class=\"wp-block-image size-full has-custom-border\"><img loading=\"lazy\" decoding=\"async\" width=\"650\" height=\"413\" src=\"https:\/\/unduhvideoig.app\/wp-content\/uploads\/2025\/07\/paste.webp\" alt=\"Paste\" class=\"wp-image-497\" style=\"border-radius:10px\" srcset=\"https:\/\/unduhvideoig.app\/wp-content\/uploads\/2025\/07\/paste.webp 650w, https:\/\/unduhvideoig.app\/wp-content\/uploads\/2025\/07\/paste-300x191.webp 300w\" sizes=\"auto, (max-width: 650px) 100vw, 650px\" \/><\/figure>\n\n\n\n<h3 class=\"wp-block-heading has-text-align-center\">F\u00fcgen Sie die URL ein<\/h3>\n\n\n\n<hr class=\"wp-block-separator has-alpha-channel-opacity is-style-wide\"\/>\n\n\n\n<p>Kehren Sie zu dieser Instagram Reels-Downloader-Seite von UnduhVideoIg.App zur\u00fcck und f\u00fcgen Sie den Link in das Eingabefeld oben ein.<\/p>\n<\/div>\n\n\n\n<div class=\"wp-block-column is-layout-flow wp-block-column-is-layout-flow\" style=\"box-shadow:var(--wp--preset--shadow--natural)\">\n<figure class=\"wp-block-image size-full has-custom-border\"><img loading=\"lazy\" decoding=\"async\" width=\"650\" height=\"413\" src=\"https:\/\/unduhvideoig.app\/wp-content\/uploads\/2025\/07\/download.webp\" alt=\"Herunterladen\" class=\"wp-image-498\" style=\"border-radius:10px\" srcset=\"https:\/\/unduhvideoig.app\/wp-content\/uploads\/2025\/07\/download.webp 650w, https:\/\/unduhvideoig.app\/wp-content\/uploads\/2025\/07\/download-300x191.webp 300w\" sizes=\"auto, (max-width: 650px) 100vw, 650px\" \/><\/figure>\n\n\n\n<h3 class=\"wp-block-heading has-text-align-center\">Herunterladen<\/h3>\n\n\n\n<hr class=\"wp-block-separator has-alpha-channel-opacity is-style-wide\"\/>\n\n\n\n<p>Klicken Sie auf die Schaltfl\u00e4che \u201eHerunterladen\u201c. In wenigen Sekunden ist Ihr Reels video im hochwertigen MP4-Format speicherbereit.<\/p>\n<\/div>\n<\/div>\n\n\n\n<h2 class=\"wp-block-heading has-text-align-center\">UnduhVideoIg.App Reels Downloader<\/h2>\n\n\n\n<hr class=\"wp-block-separator has-alpha-channel-opacity has-fabled-sunset-gradient-background has-background is-style-wide\"\/>\n\n\n\n<div class=\"wp-block-columns is-layout-flex wp-container-core-columns-is-layout-28f84493 wp-block-columns-is-layout-flex\" style=\"box-shadow:var(--wp--preset--shadow--natural)\">\n<div class=\"wp-block-column is-layout-flow wp-block-column-is-layout-flow\" style=\"flex-basis:66.66%\">\n<h3 class=\"wp-block-heading\">Instagram Reels herunterladen<\/h3>\n\n\n\n<p>Instagram Reels sind kurze vertikale Reels. Sie k\u00f6nnen diesen Reels-Downloader auf praktisch jedem Ger\u00e4t zum Herunterladen beliebiger Reels verwenden. Er ist vollst\u00e4ndig responsive und funktioniert ohne App-Unterst\u00fctzung zum Herunterladen von Reels von Instagram.<\/p>\n\n\n\n<p>Zum Herunterladen von Reels videos von iOS auf Android, Windows auf Linux \u2013 mit UnduhVideoIg ben\u00f6tigen Sie lediglich einen Browser und den Instagram-Link.<\/p>\n<\/div>\n\n\n\n<div class=\"wp-block-column is-layout-flow wp-block-column-is-layout-flow\" style=\"flex-basis:33.33%\">\n<figure class=\"wp-block-image size-full\"><img loading=\"lazy\" decoding=\"async\" width=\"600\" height=\"450\" src=\"https:\/\/unduhvideoig.app\/wp-content\/uploads\/2025\/07\/reels_downloader.webp\" alt=\"Reels-Downloader\" class=\"wp-image-472\" srcset=\"https:\/\/unduhvideoig.app\/wp-content\/uploads\/2025\/07\/reels_downloader.webp 600w, https:\/\/unduhvideoig.app\/wp-content\/uploads\/2025\/07\/reels_downloader-300x225.webp 300w\" sizes=\"auto, (max-width: 600px) 100vw, 600px\" \/><\/figure>\n<\/div>\n<\/div>\n\n\n\n<div class=\"wp-block-columns is-layout-flex wp-container-core-columns-is-layout-28f84493 wp-block-columns-is-layout-flex\" style=\"box-shadow:var(--wp--preset--shadow--natural)\">\n<div class=\"wp-block-column is-layout-flow wp-block-column-is-layout-flow\" style=\"flex-basis:33.33%\">\n<figure class=\"wp-block-image size-full\"><img loading=\"lazy\" decoding=\"async\" width=\"600\" height=\"450\" src=\"https:\/\/unduhvideoig.app\/wp-content\/uploads\/2025\/07\/mobile_app.webp\" alt=\"Mobile App\" class=\"wp-image-477\" srcset=\"https:\/\/unduhvideoig.app\/wp-content\/uploads\/2025\/07\/mobile_app.webp 600w, https:\/\/unduhvideoig.app\/wp-content\/uploads\/2025\/07\/mobile_app-300x225.webp 300w\" sizes=\"auto, (max-width: 600px) 100vw, 600px\" \/><\/figure>\n<\/div>\n\n\n\n<div class=\"wp-block-column is-layout-flow wp-block-column-is-layout-flow\" style=\"flex-basis:66.66%\">\n<h3 class=\"wp-block-heading\">Download auf Mobilger\u00e4t oder Desktop \u2013 keine App erforderlich<\/h3>\n\n\n\n<p>Alles funktioniert direkt in deinem Browser \u2013 keine Downloads oder Erweiterungen erforderlich. Lade alle Fotos, videos, reelss und IGTVs mit nur einem Klick herunter \u2013 ohne Wasserzeichen in hoher Aufl\u00f6sung! Power-User sollten aber dranbleiben \u2013 wir arbeiten an einer Browser-Erweiterung f\u00fcr noch einfacheren Zugriff.<\/p>\n<\/div>\n<\/div>\n\n\n\n<h2 class=\"wp-block-heading has-text-align-center\">H\u00e4ufig gestellte Fragen (FAQ)<\/h2>\n\n\n\n<hr class=\"wp-block-separator has-alpha-channel-opacity has-fabled-sunset-gradient-background has-background is-style-wide\"\/>\n\n\n\n<p>Hier finden Sie Antworten auf h\u00e4ufig gestellte Fragen zur Verwendung des UnduhVideoIg Instagram Reels-Downloaders. Sollte Ihre Frage nicht aufgef\u00fchrt sein, k\u00f6nnen Sie uns gerne \u00fcber unsere Kontaktseite per E-Mail erreichen.<\/p>\n\n\n\n<h3 class=\"wp-block-heading\">Kann ich Instagram Reels auf meinen PC oder Mac herunterladen?<\/h3>\n\n\n\n<p>Ja! Unser Tool bei UnduhVideoIg funktioniert perfekt in Ihrem Webbrowser \u2013 f\u00fcr den Instagram Reels Downloader ist keine zus\u00e4tzliche Software erforderlich. Sie k\u00f6nnen den Reels Downloader auch auf Tablets, iPhones, Android-Smartphones und anderen Ger\u00e4ten verwenden.<\/p>\n\n\n\n<h3 class=\"wp-block-heading\">In welchem Format werden Reels mit UnduhVideoIg heruntergeladen?<\/h3>\n\n\n\n<p>Alle videos werden als MP4-Dateien gespeichert, das am weitesten verbreitete Format f\u00fcr die video-Wiedergabe auf allen Ger\u00e4ten und Plattformen.<\/p>\n\n\n\n<h3 class=\"wp-block-heading\">Ist der Instagram Reels-Downloader wirklich kostenlos?<\/h3>\n\n\n\n<p>Absolut. Keine Registrierung, kein Abonnement und keine Geb\u00fchren. Die Nutzung unseres Instagram Reels Downloaders ist v\u00f6llig kostenlos.<\/p>\n\n\n\n<h3 class=\"wp-block-heading\">Ist das Herunterladen von Instagram Reels sicher?<\/h3>\n\n\n\n<p>Ja, mit UnduhVideoIg ist das Herunterladen von Instagram Reels sicher. Wir erfassen keine personenbezogenen Daten und verfolgen Ihre Downloads nicht. Ihre Aktivit\u00e4ten bleiben privat und sicher.<\/p>\n\n\n\n<h3 class=\"wp-block-heading\">Kann ich diesen UnduhVideoIg Reels-Downloader auf einem Telefon oder Tablet verwenden?<\/h3>\n\n\n\n<p>Nat\u00fcrlich k\u00f6nnen Sie den UnduhVideoIg Reels-Downloader problemlos verwenden. Der Downloader funktioniert reibungslos auf allen Mobilger\u00e4ten, einschlie\u00dflich iPads, Android-Telefonen und iPhones.<\/p>","protected":false},"excerpt":{"rendered":"<p>Instagram Reels Downloader Download Reels from Instagram Download With the usage of our service, you\u2019re accepting our Terms of Usage. Download Instagram Reels Videos With UnduhVideoIg.App reels downloader, you can easily download Instagram Reels videos in MP4 format to your device \u2014 no app and no login. Want to download your favorite Reels for offline [&hellip;]<\/p>\n","protected":false},"author":1,"featured_media":0,"parent":0,"menu_order":0,"comment_status":"closed","ping_status":"closed","template":"","meta":{"slim_seo":{"title":"Instagram Reels Video Download \u2013 Reels Video vom Instagram Downloader","description":"Laden Sie Instagram Reels kostenlos und ohne Wasserzeichen herunter. Speichern Sie Ihre Lieblings-IG Reels videos schnell, einfach und in HD-Qualit\u00e4t direkt online, ohne App!"},"footnotes":""},"class_list":["post-323","page","type-page","status-publish","hentry"],"blocksy_meta":{"background":{"background_type":"color","background_pattern":"type-1","background_image":{"attachment_id":null,"x":0,"y":0},"gradient":"linear-gradient(135deg,rgba(6,147,227,1) 0%,rgb(155,81,224) 100%)","background_repeat":"repeat","background_size":"auto","background_attachment":"scroll","patternColor":{"default":{"color":"#e5e7ea"}},"overlayColor":{"default":{"color":"CT_CSS_SKIP_RULE"}},"backgroundColor":{"default":{"color":"CT_CSS_SKIP_RULE"}}},"styles_descriptor":{"styles":{"desktop":"[data-prefix=\"single_page\"] [class*=\"ct-container\"] > article[class*=\"post\"] {--has-boxed:var(--false);--has-wide:var(--true);}","tablet":"","mobile":""},"google_fonts":[],"version":6},"content_style_source":"custom","content_style":"wide","has_hero_section":"disabled"},"_links":{"self":[{"href":"https:\/\/unduhvideoig.app\/de\/wp-json\/wp\/v2\/pages\/323","targetHints":{"allow":["GET"]}}],"collection":[{"href":"https:\/\/unduhvideoig.app\/de\/wp-json\/wp\/v2\/pages"}],"about":[{"href":"https:\/\/unduhvideoig.app\/de\/wp-json\/wp\/v2\/types\/page"}],"author":[{"embeddable":true,"href":"https:\/\/unduhvideoig.app\/de\/wp-json\/wp\/v2\/users\/1"}],"replies":[{"embeddable":true,"href":"https:\/\/unduhvideoig.app\/de\/wp-json\/wp\/v2\/comments?post=323"}],"version-history":[{"count":17,"href":"https:\/\/unduhvideoig.app\/de\/wp-json\/wp\/v2\/pages\/323\/revisions"}],"predecessor-version":[{"id":661,"href":"https:\/\/unduhvideoig.app\/de\/wp-json\/wp\/v2\/pages\/323\/revisions\/661"}],"wp:attachment":[{"href":"https:\/\/unduhvideoig.app\/de\/wp-json\/wp\/v2\/media?parent=323"}],"curies":[{"name":"wp","href":"https:\/\/api.w.org\/{rel}","templated":true}]}}