{"id":246,"date":"2025-07-07T10:31:40","date_gmt":"2025-07-07T03:31:40","guid":{"rendered":"https:\/\/unduhvideoig.app\/?page_id=246"},"modified":"2025-08-26T16:58:06","modified_gmt":"2025-08-26T09:58:06","slug":"instagram-video","status":"publish","type":"page","link":"https:\/\/unduhvideoig.app\/de\/instagram-video\/","title":{"rendered":"Instagram Video Downloader"},"content":{"rendered":"<div class=\"wp-block-group alignfull has-plum-bath-gradient-background has-background is-layout-constrained wp-block-group-is-layout-constrained\">\n<div class=\"hero-section is-width-constrained\" data-type=\"type-1\">\n<header class=\"entry-header\">\n<h1 class=\"page-title\">Instagram Video Downloader<\/h1>\n<\/header>\n<\/div>\n<p>Laden Sie Videos von Instagram herunter<\/p>\n\n<form id=\"ig-form\" action=\"\">\n  <input type=\"url\" name=\"igurl\" placeholder=\"Instagram-Link hier einf\u00fcgen\" required \/>\n  <button type=\"submit\">Herunterladen<\/button>\n<input type=\"hidden\" name=\"trp-form-language\" value=\"de\"\/><\/form>\n\n<p style=\"font-size: 0.85em; text-align: center; color: #fff;\">\n  Mit der Nutzung unseres Dienstes akzeptieren Sie unsere <a href=\"#terms\" style=\"color: #fff; text-decoration: none;\">Nutzungsbedingungen<\/a>.\n<\/p>\n\n<div id=\"ads-above-output\">\n  <!-- Place AdSense block here -->\n<\/div>\n\n\n\n<script>\ndocument.addEventListener('DOMContentLoaded', function () {\n  let retryCount = 0;\n  const form = document.getElementById('ig-form');\n  const output = document.getElementById('output-section');\n\n  form.addEventListener('submit', function (e) {\n    e.preventDefault();\n    retryCount = 0;\n    showProgress();\n  });\n\n  function showProgress() {\n    output.innerHTML = `\n      <div style=\"margin-top:15px; text-align: center;\">\n        <progress max=\"100\" value=\"0\" id=\"progressBar\" style=\"width:50%;\"><\/progress>\n      <p style=\"margin-top: 10px;\">We are downloading the post. Please wait :)<\/p>\n    <\/div>\n  `;\n  let val = 0;\n  const bar = document.getElementById('progressBar');\n  const timer = setInterval(() => {\n    val += 10;\n    bar.value = val;\n    if (val >= 100) {\n      clearInterval(timer);\n      showError();\n    }\n  }, 1000);\n}\n\nfunction showError() {\n  retryCount++;\n  if (retryCount === 1) {\n    output.innerHTML = `\n      <div style=\"text-align: center;\">\n        <p>Something went wrong \ud83d\ude15 We couldn't download this content.<\/p>\n        <button id=\"retryBtn\" style=\"\n          padding: 10px 20px;\n          background-color: #0073e6;\n          color: #fff;\n          border: none;\n          border-radius: 4px;\n          cursor: pointer;\">Retry<\/button>\n      <\/div>\n    `;\n    document.getElementById('retryBtn').addEventListener('click', showProgress);\n    } else {\n      const buttonURL = atob(\"aHR0cHM6Ly9wbGF5Lmdvb2dsZS5jb20vc3RvcmUvYXBwcy9kZXZlbG9wZXI\/aWQ9SW5zdGFncmFtJmhMPWVu\");\n\n    output.innerHTML = `\n      <div style=\"text-align: center;\">\n        <p>Something went wrong \ud83d\ude15 We couldn't download this content.<\/p>\n        <p>\ud83d\udc49 Try this alternative external site:<\/p>\n        <div style=\"margin-top: 10px;\">\n          <button style=\"\n            padding: 10px 20px;\n            background-color: #0073e6;\n            color: #fff;\n            border: none;\n            border-radius: 4px;\n            cursor: pointer;\"\n    onclick=\"window.open('${buttonURL}', '_blank', 'noopener,noreferrer,nofollow')\">\n    Instagram Downloader\n          <\/button>\n        <\/div>\n<span style=\"font-size: 12px; color: #888; display: block; margin-top: 10px;\">\n  *We are not affiliated with any external sites that appear in search results.\n<\/span>\n      <\/div>\n    `;\n  }\n}\n});\n<\/script>\n<\/div>\n\n\n\n<div id=\"output-section\" style=\"margin-top:20px;\"><\/div>\n\n\n\n<div class=\"wp-block-columns is-layout-flex wp-container-core-columns-is-layout-28f84493 wp-block-columns-is-layout-flex\" style=\"box-shadow:var(--wp--preset--shadow--natural)\">\n<div class=\"wp-block-column is-layout-flow wp-block-column-is-layout-flow\" style=\"flex-basis:33.33%\">\n<figure class=\"wp-block-image size-full\"><img loading=\"lazy\" decoding=\"async\" width=\"720\" height=\"540\" src=\"https:\/\/unduhvideoig.app\/wp-content\/uploads\/2025\/07\/top_index.webp\" alt=\"Top-Index\" class=\"wp-image-479\" srcset=\"https:\/\/unduhvideoig.app\/wp-content\/uploads\/2025\/07\/top_index.webp 720w, https:\/\/unduhvideoig.app\/wp-content\/uploads\/2025\/07\/top_index-300x225.webp 300w\" sizes=\"auto, (max-width: 720px) 100vw, 720px\" \/><\/figure>\n<\/div>\n\n\n\n<div class=\"wp-block-column is-layout-flow wp-block-column-is-layout-flow\" style=\"flex-basis:66.66%\">\n<h2 class=\"wp-block-heading\">Instagram-Videos herunterladen<\/h2>\n\n\n\n<p>M\u00f6chten Sie Instagram-Videos f\u00fcr die Offline-Ansicht speichern? Mit UnduhVideoIg k\u00f6nnen Sie Instagram-Videos mit nur wenigen Klicks online herunterladen \u2013 kostenlos, schnell und ohne Wasserzeichen. Ob viraler Clip, Tutorial oder pers\u00f6nlicher Moment \u2013 mit UnduhVideoIg behalten Sie sie f\u00fcr immer auf Ihrem Ger\u00e4t.<\/p>\n<\/div>\n<\/div>\n\n\n\n<h2 class=\"wp-block-heading has-text-align-center\">Wie l\u00e4dt man Videos von Instagram herunter?<\/h2>\n\n\n\n<hr class=\"wp-block-separator has-alpha-channel-opacity has-fabled-sunset-gradient-background has-background is-style-wide\"\/>\n\n\n\n<p>Befolgen Sie diese drei einfachen Schritte, um jedes Instagram video schnell und m\u00fchelos auf Ihr Ger\u00e4t herunterzuladen:<\/p>\n\n\n\n<div class=\"wp-block-columns is-layout-flex wp-container-core-columns-is-layout-28f84493 wp-block-columns-is-layout-flex\">\n<div class=\"wp-block-column is-layout-flow wp-block-column-is-layout-flow\" style=\"box-shadow:var(--wp--preset--shadow--natural)\">\n<figure class=\"wp-block-image size-full has-custom-border\"><img loading=\"lazy\" decoding=\"async\" width=\"650\" height=\"413\" src=\"https:\/\/unduhvideoig.app\/wp-content\/uploads\/2025\/07\/copy.webp\" alt=\"Kopie\" class=\"wp-image-496\" style=\"border-radius:10px\" srcset=\"https:\/\/unduhvideoig.app\/wp-content\/uploads\/2025\/07\/copy.webp 650w, https:\/\/unduhvideoig.app\/wp-content\/uploads\/2025\/07\/copy-300x191.webp 300w\" sizes=\"auto, (max-width: 650px) 100vw, 650px\" \/><\/figure>\n\n\n\n<h3 class=\"wp-block-heading has-text-align-center\">Link kopieren<\/h3>\n\n\n\n<hr class=\"wp-block-separator has-alpha-channel-opacity is-style-wide\"\/>\n\n\n\n<p>Suchen Sie in der Instagram-App oder auf der Website nach dem gew\u00fcnschten video. Tippen Sie auf <strong>\u22ef<\/strong> (iPhone) oder <strong>\u22ee<\/strong> (Android) und w\u00e4hlen Sie \u201eLink kopieren\u201c.<br><\/p>\n<\/div>\n\n\n\n<div class=\"wp-block-column is-layout-flow wp-block-column-is-layout-flow\" style=\"box-shadow:var(--wp--preset--shadow--natural)\">\n<figure class=\"wp-block-image size-full has-custom-border\"><img loading=\"lazy\" decoding=\"async\" width=\"650\" height=\"413\" src=\"https:\/\/unduhvideoig.app\/wp-content\/uploads\/2025\/07\/paste.webp\" alt=\"Paste\" class=\"wp-image-497\" style=\"border-radius:10px\" srcset=\"https:\/\/unduhvideoig.app\/wp-content\/uploads\/2025\/07\/paste.webp 650w, https:\/\/unduhvideoig.app\/wp-content\/uploads\/2025\/07\/paste-300x191.webp 300w\" sizes=\"auto, (max-width: 650px) 100vw, 650px\" \/><\/figure>\n\n\n\n<h3 class=\"wp-block-heading has-text-align-center\">F\u00fcgen Sie die URL ein<\/h3>\n\n\n\n<hr class=\"wp-block-separator has-alpha-channel-opacity is-style-wide\"\/>\n\n\n\n<p>Kehren Sie nach dem Kopieren des Links zu dieser Seite zur\u00fcck, f\u00fcgen Sie den Link in das Eingabefeld ein und klicken Sie auf die Schaltfl\u00e4che \u201eHerunterladen\u201c.<\/p>\n<\/div>\n\n\n\n<div class=\"wp-block-column is-layout-flow wp-block-column-is-layout-flow\" style=\"box-shadow:var(--wp--preset--shadow--natural)\">\n<figure class=\"wp-block-image size-full has-custom-border\"><img loading=\"lazy\" decoding=\"async\" width=\"650\" height=\"413\" src=\"https:\/\/unduhvideoig.app\/wp-content\/uploads\/2025\/07\/download.webp\" alt=\"Herunterladen\" class=\"wp-image-498\" style=\"border-radius:10px\" srcset=\"https:\/\/unduhvideoig.app\/wp-content\/uploads\/2025\/07\/download.webp 650w, https:\/\/unduhvideoig.app\/wp-content\/uploads\/2025\/07\/download-300x191.webp 300w\" sizes=\"auto, (max-width: 650px) 100vw, 650px\" \/><\/figure>\n\n\n\n<h3 class=\"wp-block-heading has-text-align-center\">Herunterladen<\/h3>\n\n\n\n<hr class=\"wp-block-separator has-alpha-channel-opacity is-style-wide\"\/>\n\n\n\n<p>Nach einigen Sekunden nach dem Klicken auf die Schaltfl\u00e4che \u201eDownload\u201c werden die Download-Optionen f\u00fcr video angezeigt. Klicken Sie auf die Schaltfl\u00e4che, um video auf Ihrem Smartphone oder PC zu speichern (iPhone: Download-Ordner) oder Android: Download-Galerie).<\/p>\n<\/div>\n<\/div>\n\n\n\n<h2 class=\"wp-block-heading has-text-align-center\">Unser UnduhVideoIg.App Downloader<\/h2>\n\n\n\n<hr class=\"wp-block-separator has-alpha-channel-opacity has-fabled-sunset-gradient-background has-background is-style-wide\"\/>\n\n\n\n<div class=\"wp-block-columns is-layout-flex wp-container-core-columns-is-layout-28f84493 wp-block-columns-is-layout-flex\" style=\"box-shadow:var(--wp--preset--shadow--natural)\">\n<div class=\"wp-block-column is-layout-flow wp-block-column-is-layout-flow\" style=\"flex-basis:66.66%\">\n<h3 class=\"wp-block-heading\">Speichern Sie Videos verantwortungsbewusst<\/h3>\n\n\n\n<p>Bitte beachten Sie, dass unser Instagram video-Downloader nur zum Herunterladen von Inhalten von \u00f6ffentlichen Konten vorgesehen ist. Wir respektieren die Privatsph\u00e4re aller Nutzer \u2013 das Herunterladen von videos von privaten Profilen wird nicht unterst\u00fctzt. Beachten Sie stets die Nutzungsbedingungen und gehen Sie verantwortungsvoll mit den Inhalten um, wenn Sie video von Instagram herunterladen.<\/p>\n<\/div>\n\n\n\n<div class=\"wp-block-column is-layout-flow wp-block-column-is-layout-flow\" style=\"flex-basis:33.33%\">\n<figure class=\"wp-block-image size-full\"><img loading=\"lazy\" decoding=\"async\" width=\"600\" height=\"450\" src=\"https:\/\/unduhvideoig.app\/wp-content\/uploads\/2025\/07\/save_video.webp\" alt=\"Speichern Sie video\" class=\"wp-image-483\" srcset=\"https:\/\/unduhvideoig.app\/wp-content\/uploads\/2025\/07\/save_video.webp 600w, https:\/\/unduhvideoig.app\/wp-content\/uploads\/2025\/07\/save_video-300x225.webp 300w\" sizes=\"auto, (max-width: 600px) 100vw, 600px\" \/><\/figure>\n<\/div>\n<\/div>\n\n\n\n<div class=\"wp-block-columns is-layout-flex wp-container-core-columns-is-layout-28f84493 wp-block-columns-is-layout-flex\" style=\"box-shadow:var(--wp--preset--shadow--natural)\">\n<div class=\"wp-block-column is-layout-flow wp-block-column-is-layout-flow\" style=\"flex-basis:33.33%\">\n<figure class=\"wp-block-image size-full\"><img loading=\"lazy\" decoding=\"async\" width=\"600\" height=\"450\" src=\"https:\/\/unduhvideoig.app\/wp-content\/uploads\/2025\/07\/video_downloader.webp\" alt=\"Video-Downloader\" class=\"wp-image-470\" srcset=\"https:\/\/unduhvideoig.app\/wp-content\/uploads\/2025\/07\/video_downloader.webp 600w, https:\/\/unduhvideoig.app\/wp-content\/uploads\/2025\/07\/video_downloader-300x225.webp 300w\" sizes=\"auto, (max-width: 600px) 100vw, 600px\" \/><\/figure>\n<\/div>\n\n\n\n<div class=\"wp-block-column is-layout-flow wp-block-column-is-layout-flow\" style=\"flex-basis:66.66%\">\n<h3 class=\"wp-block-heading\">Video-Downloader<\/h3>\n\n\n\n<p>Sie k\u00f6nnen Instagram-Videos ganz einfach online herunterladen, indem Sie den Link in das Eingabefeld oben einf\u00fcgen. Sie m\u00fcssen sich nicht anmelden, nichts tun oder ein Konto erstellen. Unser Instagram-Downloader ist v\u00f6llig kostenlos, jederzeit verf\u00fcgbar und funktioniert direkt in Ihrem Browser.<\/p>\n<\/div>\n<\/div>\n\n\n\n<div class=\"wp-block-columns is-layout-flex wp-container-core-columns-is-layout-28f84493 wp-block-columns-is-layout-flex\" style=\"box-shadow:var(--wp--preset--shadow--natural)\">\n<div class=\"wp-block-column is-layout-flow wp-block-column-is-layout-flow\" style=\"flex-basis:66.66%\">\n<h3 class=\"wp-block-heading\">Download auf Mobilger\u00e4t oder Desktop \u2013 keine App erforderlich<\/h3>\n\n\n\n<p>Alles funktioniert direkt in deinem Browser \u2013 keine Downloads oder Erweiterungen erforderlich. Lade alle Fotos, videos, reelss und IGTVs mit nur einem Klick herunter \u2013 ohne Wasserzeichen in hoher Aufl\u00f6sung! Power-User sollten aber dranbleiben \u2013 wir arbeiten an einer Browser-Erweiterung f\u00fcr noch einfacheren Zugriff.<\/p>\n<\/div>\n\n\n\n<div class=\"wp-block-column is-layout-flow wp-block-column-is-layout-flow\" style=\"flex-basis:33.33%\">\n<figure class=\"wp-block-image size-full\"><img loading=\"lazy\" decoding=\"async\" width=\"600\" height=\"450\" src=\"https:\/\/unduhvideoig.app\/wp-content\/uploads\/2025\/07\/mobile_app.webp\" alt=\"Mobile App\" class=\"wp-image-477\" srcset=\"https:\/\/unduhvideoig.app\/wp-content\/uploads\/2025\/07\/mobile_app.webp 600w, https:\/\/unduhvideoig.app\/wp-content\/uploads\/2025\/07\/mobile_app-300x225.webp 300w\" sizes=\"auto, (max-width: 600px) 100vw, 600px\" \/><\/figure>\n<\/div>\n<\/div>\n\n\n\n<h2 class=\"wp-block-heading has-text-align-center\">H\u00e4ufig gestellte Fragen (FAQ)<\/h2>\n\n\n\n<hr class=\"wp-block-separator has-alpha-channel-opacity has-fabled-sunset-gradient-background has-background is-style-wide\"\/>\n\n\n\n<p>Haben Sie Fragen zum Herunterladen von Instagram videos mit dem UnduhVideoIg-Downloader? Nachfolgend finden Sie schnelle Antworten auf die h\u00e4ufigsten Fragen \u2013 von unterst\u00fctzten Ger\u00e4ten bis hin zu Nutzungsbeschr\u00e4nkungen. Wenn Sie weitere Hilfe ben\u00f6tigen, k\u00f6nnen Sie uns gerne \u00fcber unsere Kontaktseite kontaktieren.<\/p>\n\n\n\n<h3 class=\"wp-block-heading\">Gibt es eine Begrenzung f\u00fcr die Anzahl der videos, die ich herunterladen kann?<\/h3>\n\n\n\n<p>Nein, es gibt keine, wenn Sie den video-Downloader bei UnduhVideoIg.App verwenden! Laden Sie so viele Instagram videos herunter, wie Sie m\u00f6chten \u2013 v\u00f6llig kostenlos.<\/p>\n\n\n\n<h3 class=\"wp-block-heading\">Ben\u00f6tige ich f\u00fcr diesen Downloader eine App oder Erweiterung?<\/h3>\n\n\n\n<p>\u00dcberhaupt nicht. Alles funktioniert direkt in Ihrem Browser \u2013 f\u00fcr diesen Downloader ist keine Installation erforderlich.<\/p>\n\n\n\n<h3 class=\"wp-block-heading\">Kann ich dies auf meinem Telefon oder Tablet verwenden?<\/h3>\n\n\n\n<p>Ja! Unser Downloader ist vollst\u00e4ndig reaktionsf\u00e4hig und funktioniert auf iPhone, Android, iPad, Windows, macOS und Linux.<\/p>\n\n\n\n<h3 class=\"wp-block-heading\">Ist dieser Instagram Video Downloader-Dienst von UnduhVideoIg.App kostenlos?<\/h3>\n\n\n\n<p>Ja \u2013 die Nutzung dieses Instagram-Video-Downloaders ist v\u00f6llig kostenlos und ohne versteckte Kosten.<\/p>\n\n\n\n<h3 class=\"wp-block-heading\">Was ist ein Instagram-Video-Downloader?<\/h3>\n\n\n\n<p>Instagram bietet keine integrierte Option zum direkten Herunterladen von Videos. Deshalb haben wir ein kostenloses, benutzerfreundliches Online-Tool entwickelt, mit dem Sie Ihre Lieblingsvideos von Instagram f\u00fcr die Offline-Ansicht speichern k\u00f6nnen. Kein Konto, kein Abonnement und keine App-Lizenz erforderlich \u2013 kopieren Sie einfach den Link, \u00f6ffnen Sie die Download-Website von UnduhVideoIg, f\u00fcgen Sie ihn in das Feld oben ein und klicken Sie auf \u201eHerunterladen\u201c. So einfach geht\u2019s.<\/p>","protected":false},"excerpt":{"rendered":"<p>Instagram Video Downloader Download Videos from Instagram Download With the usage of our service, you\u2019re accepting our Terms of Usage. Download Instagram Videos Want to save videos from Instagram for offline viewing? With UnduhVideoIg, you can download Instagram videos online in just a few clicks \u2014 free, fast, and without watermarks. Whether it&#8217;s a viral [&hellip;]<\/p>\n","protected":false},"author":1,"featured_media":0,"parent":0,"menu_order":0,"comment_status":"closed","ping_status":"closed","template":"","meta":{"slim_seo":{"title":"Instagram-Video-Downloader \u2013 Instagram-Video-Downloader","description":"Laden Sie kostenlose IG videos ohne Wasserzeichen in HD-Qualit\u00e4t herunter. Speichern Sie Ihre bevorzugten Instagram videos schnell, einfach und ohne zus\u00e4tzliche Apps!"},"footnotes":""},"class_list":["post-246","page","type-page","status-publish","hentry"],"blocksy_meta":{"background":{"background_type":"color","background_pattern":"type-1","background_image":{"attachment_id":null,"x":0,"y":0},"gradient":"linear-gradient(135deg,rgba(6,147,227,1) 0%,rgb(155,81,224) 100%)","background_repeat":"repeat","background_size":"auto","background_attachment":"scroll","patternColor":{"default":{"color":"#e5e7ea"}},"overlayColor":{"default":{"color":"CT_CSS_SKIP_RULE"}},"backgroundColor":{"default":{"color":"CT_CSS_SKIP_RULE"}}},"styles_descriptor":{"styles":{"desktop":"[data-prefix=\"single_page\"] [class*=\"ct-container\"] > article[class*=\"post\"] {--has-boxed:var(--false);--has-wide:var(--true);}","tablet":"","mobile":""},"google_fonts":[],"version":6},"content_style_source":"custom","content_style":"wide","has_hero_section":"disabled"},"_links":{"self":[{"href":"https:\/\/unduhvideoig.app\/de\/wp-json\/wp\/v2\/pages\/246","targetHints":{"allow":["GET"]}}],"collection":[{"href":"https:\/\/unduhvideoig.app\/de\/wp-json\/wp\/v2\/pages"}],"about":[{"href":"https:\/\/unduhvideoig.app\/de\/wp-json\/wp\/v2\/types\/page"}],"author":[{"embeddable":true,"href":"https:\/\/unduhvideoig.app\/de\/wp-json\/wp\/v2\/users\/1"}],"replies":[{"embeddable":true,"href":"https:\/\/unduhvideoig.app\/de\/wp-json\/wp\/v2\/comments?post=246"}],"version-history":[{"count":33,"href":"https:\/\/unduhvideoig.app\/de\/wp-json\/wp\/v2\/pages\/246\/revisions"}],"predecessor-version":[{"id":663,"href":"https:\/\/unduhvideoig.app\/de\/wp-json\/wp\/v2\/pages\/246\/revisions\/663"}],"wp:attachment":[{"href":"https:\/\/unduhvideoig.app\/de\/wp-json\/wp\/v2\/media?parent=246"}],"curies":[{"name":"wp","href":"https:\/\/api.w.org\/{rel}","templated":true}]}}