{"id":375,"date":"2025-07-09T10:29:18","date_gmt":"2025-07-09T03:29:18","guid":{"rendered":"https:\/\/unduhvideoig.app\/?page_id=375"},"modified":"2025-08-26T17:09:15","modified_gmt":"2025-08-26T10:09:15","slug":"instagram-carousel","status":"publish","type":"page","link":"https:\/\/unduhvideoig.app\/cs\/instagram-carousel\/","title":{"rendered":"Stahova\u010d karusel\u016f IG"},"content":{"rendered":"<div class=\"wp-block-group alignfull has-plum-bath-gradient-background has-background is-layout-constrained wp-block-group-is-layout-constrained\">\n<div class=\"hero-section is-width-constrained\" data-type=\"type-1\">\n<header class=\"entry-header\">\n<h1 class=\"page-title\">Stahova\u010d karusel\u016f IG<\/h1>\n<\/header>\n<\/div>\n<p>St\u00e1hn\u011bte si Carousel z Instagramu<\/p>\n\n<form id=\"ig-form\" action=\"\">\n  <input type=\"url\" name=\"igurl\" placeholder=\"Vlo\u017ete sem odkaz na Instagram\" required \/>\n  <button type=\"submit\">St\u00e1hnout<\/button>\n<input type=\"hidden\" name=\"trp-form-language\" value=\"cs\"\/><\/form>\n\n<p style=\"font-size: 0.85em; text-align: center; color: #fff;\">\n  Pou\u017e\u00edv\u00e1n\u00edm na\u0161ich slu\u017eeb souhlas\u00edte s na\u0161imi <a href=\"#terms\" style=\"color: #fff; text-decoration: none;\">Podm\u00ednky pou\u017eit\u00ed<\/a>.\n<\/p>\n\n<div id=\"ads-above-output\">\n  <!-- Place AdSense block here -->\n<\/div>\n\n\n\n<script>\ndocument.addEventListener('DOMContentLoaded', function () {\n  let retryCount = 0;\n  const form = document.getElementById('ig-form');\n  const output = document.getElementById('output-section');\n\n  form.addEventListener('submit', function (e) {\n    e.preventDefault();\n    retryCount = 0;\n    showProgress();\n  });\n\n  function showProgress() {\n    output.innerHTML = `\n      <div style=\"margin-top:15px; text-align: center;\">\n        <progress max=\"100\" value=\"0\" id=\"progressBar\" style=\"width:50%;\"><\/progress>\n      <p style=\"margin-top: 10px;\">We are downloading the post. Please wait :)<\/p>\n    <\/div>\n  `;\n  let val = 0;\n  const bar = document.getElementById('progressBar');\n  const timer = setInterval(() => {\n    val += 10;\n    bar.value = val;\n    if (val >= 100) {\n      clearInterval(timer);\n      showError();\n    }\n  }, 1000);\n}\n\nfunction showError() {\n  retryCount++;\n  if (retryCount === 1) {\n    output.innerHTML = `\n      <div style=\"text-align: center;\">\n        <p>Something went wrong \ud83d\ude15 We couldn't download this content.<\/p>\n        <button id=\"retryBtn\" style=\"\n          padding: 10px 20px;\n          background-color: #0073e6;\n          color: #fff;\n          border: none;\n          border-radius: 4px;\n          cursor: pointer;\">Retry<\/button>\n      <\/div>\n    `;\n    document.getElementById('retryBtn').addEventListener('click', showProgress);\n    } else {\n      const buttonURL = atob(\"aHR0cHM6Ly9wbGF5Lmdvb2dsZS5jb20vc3RvcmUvYXBwcy9kZXZlbG9wZXI\/aWQ9SW5zdGFncmFtJmhMPWVu\");\n\n    output.innerHTML = `\n      <div style=\"text-align: center;\">\n        <p>Something went wrong \ud83d\ude15 We couldn't download this content.<\/p>\n        <p>\ud83d\udc49 Try this alternative external site:<\/p>\n        <div style=\"margin-top: 10px;\">\n          <button style=\"\n            padding: 10px 20px;\n            background-color: #0073e6;\n            color: #fff;\n            border: none;\n            border-radius: 4px;\n            cursor: pointer;\"\n    onclick=\"window.open('${buttonURL}', '_blank', 'noopener,noreferrer,nofollow')\">\n    Instagram Downloader\n          <\/button>\n        <\/div>\n<span style=\"font-size: 12px; color: #888; display: block; margin-top: 10px;\">\n  *We are not affiliated with any external sites that appear in search results.\n<\/span>\n      <\/div>\n    `;\n  }\n}\n});\n<\/script>\n<\/div>\n\n\n\n<div id=\"output-section\" style=\"margin-top:20px;\"><\/div>\n\n\n\n<div class=\"wp-block-columns is-layout-flex wp-container-core-columns-is-layout-28f84493 wp-block-columns-is-layout-flex\" style=\"box-shadow:var(--wp--preset--shadow--natural)\">\n<div class=\"wp-block-column is-layout-flow wp-block-column-is-layout-flow\" style=\"flex-basis:33.33%\">\n<figure class=\"wp-block-image size-full\"><img loading=\"lazy\" decoding=\"async\" width=\"720\" height=\"540\" src=\"https:\/\/unduhvideoig.app\/wp-content\/uploads\/2025\/07\/top_index.webp\" alt=\"Nejvy\u0161\u0161\u00ed index\" class=\"wp-image-479\" srcset=\"https:\/\/unduhvideoig.app\/wp-content\/uploads\/2025\/07\/top_index.webp 720w, https:\/\/unduhvideoig.app\/wp-content\/uploads\/2025\/07\/top_index-300x225.webp 300w\" sizes=\"auto, (max-width: 720px) 100vw, 720px\" \/><\/figure>\n<\/div>\n\n\n\n<div class=\"wp-block-column is-layout-flow wp-block-column-is-layout-flow\" style=\"flex-basis:66.66%\">\n<h2 class=\"wp-block-heading\">St\u00e1hn\u011bte si karusely na Instagramu<\/h2>\n\n\n\n<p>P\u0159\u00edsp\u011bvky na Instagramu v karuselu umo\u017e\u0148uj\u00ed u\u017eivatel\u016fm sd\u00edlet a\u017e 10 obr\u00e1zk\u016f nebo video v jednom p\u0159\u00edsp\u011bvku, co\u017e je ide\u00e1ln\u00ed pro stories, tutori\u00e1ly, lookbooky a alba. Ale co kdy\u017e si chcete st\u00e1hnout v\u0161e z karuselu najednou?<\/p>\n\n\n\n<p>P\u0159esn\u011b k tomu je UnduhVideoIg stvo\u0159en. S na\u0161\u00edm programem pro stahov\u00e1n\u00ed z Instagramu si m\u016f\u017eete snadno ulo\u017eit v\u0161echny fotografie a videoklipy video z ve\u0159ejn\u00fdch p\u0159\u00edsp\u011bvk\u016f \u2013 bez p\u0159ihla\u0161ov\u00e1n\u00ed, bez vodoznaku, bez starost\u00ed.<\/p>\n<\/div>\n<\/div>\n\n\n\n<h2 class=\"wp-block-heading has-text-align-center\">Jak stahovat p\u0159\u00edsp\u011bvky z karuselu na Instagramu?<\/h2>\n\n\n\n<hr class=\"wp-block-separator has-alpha-channel-opacity has-fabled-sunset-gradient-background has-background is-style-wide\"\/>\n\n\n\n<p>Stahov\u00e1n\u00ed p\u0159\u00edsp\u011bvk\u016f z Instagramu je rychl\u00e9 a jednoduch\u00e9. Postupujte podle t\u011bchto t\u0159\u00ed snadn\u00fdch krok\u016f a ulo\u017ete si v\u0161echny sv\u00e9 obl\u00edben\u00e9 fotografie a video z p\u0159\u00edsp\u011bvku s v\u00edce obr\u00e1zky p\u0159\u00edmo do sv\u00e9ho za\u0159\u00edzen\u00ed.<\/p>\n\n\n\n<div class=\"wp-block-columns is-layout-flex wp-container-core-columns-is-layout-65eef5bf wp-block-columns-is-layout-flex\">\n<div class=\"wp-block-column is-layout-flow wp-block-column-is-layout-flow\" style=\"box-shadow:var(--wp--preset--shadow--natural)\">\n<figure class=\"wp-block-image size-full has-custom-border\"><img loading=\"lazy\" decoding=\"async\" width=\"650\" height=\"413\" src=\"https:\/\/unduhvideoig.app\/wp-content\/uploads\/2025\/07\/copy.webp\" alt=\"Kopie\" class=\"wp-image-496\" style=\"border-top-left-radius:10px;border-top-right-radius:10px\" srcset=\"https:\/\/unduhvideoig.app\/wp-content\/uploads\/2025\/07\/copy.webp 650w, https:\/\/unduhvideoig.app\/wp-content\/uploads\/2025\/07\/copy-300x191.webp 300w\" sizes=\"auto, (max-width: 650px) 100vw, 650px\" \/><\/figure>\n\n\n\n<h3 class=\"wp-block-heading has-text-align-center\">Zkop\u00edrujte odkaz<\/h3>\n\n\n\n<hr class=\"wp-block-separator has-alpha-channel-opacity is-style-wide\"\/>\n\n\n\n<p>Otev\u0159ete Instagram, klepn\u011bte na <strong>\u22ef<\/strong> v nab\u00eddce u p\u0159\u00edsp\u011bvku, kter\u00fd chcete st\u00e1hnout, a vyberte mo\u017enost \u201eKop\u00edrovat odkaz\u201c.<\/p>\n<\/div>\n\n\n\n<div class=\"wp-block-column is-layout-flow wp-block-column-is-layout-flow\" style=\"box-shadow:var(--wp--preset--shadow--natural)\">\n<figure class=\"wp-block-image size-full has-custom-border\"><img loading=\"lazy\" decoding=\"async\" width=\"650\" height=\"413\" src=\"https:\/\/unduhvideoig.app\/wp-content\/uploads\/2025\/07\/paste.webp\" alt=\"Pasta\" class=\"wp-image-497\" style=\"border-top-left-radius:10px;border-top-right-radius:10px\" srcset=\"https:\/\/unduhvideoig.app\/wp-content\/uploads\/2025\/07\/paste.webp 650w, https:\/\/unduhvideoig.app\/wp-content\/uploads\/2025\/07\/paste-300x191.webp 300w\" sizes=\"auto, (max-width: 650px) 100vw, 650px\" \/><\/figure>\n\n\n\n<h3 class=\"wp-block-heading has-text-align-center\">Vlo\u017ete URL adresu<\/h3>\n\n\n\n<hr class=\"wp-block-separator has-alpha-channel-opacity is-style-wide\"\/>\n\n\n\n<p>Vra\u0165te se na tuto str\u00e1nku UnduhVideoIg.App, vlo\u017ete URL do vstupn\u00edho pole a klikn\u011bte na St\u00e1hnout.<\/p>\n<\/div>\n\n\n\n<div class=\"wp-block-column is-layout-flow wp-block-column-is-layout-flow\" style=\"box-shadow:var(--wp--preset--shadow--natural)\">\n<figure class=\"wp-block-image size-full has-custom-border\"><img loading=\"lazy\" decoding=\"async\" width=\"650\" height=\"413\" src=\"https:\/\/unduhvideoig.app\/wp-content\/uploads\/2025\/07\/download.webp\" alt=\"St\u00e1hnout\" class=\"wp-image-498\" style=\"border-top-left-radius:10px;border-top-right-radius:10px\" srcset=\"https:\/\/unduhvideoig.app\/wp-content\/uploads\/2025\/07\/download.webp 650w, https:\/\/unduhvideoig.app\/wp-content\/uploads\/2025\/07\/download-300x191.webp 300w\" sizes=\"auto, (max-width: 650px) 100vw, 650px\" \/><\/figure>\n\n\n\n<h3 class=\"wp-block-heading has-text-align-center\">St\u00e1hnout<\/h3>\n\n\n\n<hr class=\"wp-block-separator has-alpha-channel-opacity is-style-wide\"\/>\n\n\n\n<p>V karuselu se zobraz\u00ed seznam v\u0161ech m\u00e9di\u00ed. St\u00e1hn\u011bte si jeden, n\u011bkolik nebo v\u0161echny v pln\u00e9m rozli\u0161en\u00ed.<\/p>\n<\/div>\n<\/div>\n\n\n\n<div class=\"wp-block-columns is-layout-flex wp-container-core-columns-is-layout-28f84493 wp-block-columns-is-layout-flex\" style=\"box-shadow:var(--wp--preset--shadow--natural)\">\n<div class=\"wp-block-column is-layout-flow wp-block-column-is-layout-flow\" style=\"flex-basis:33.33%\">\n<figure class=\"wp-block-image size-full\"><img loading=\"lazy\" decoding=\"async\" width=\"600\" height=\"450\" src=\"https:\/\/unduhvideoig.app\/wp-content\/uploads\/2025\/07\/mobile_app.webp\" alt=\"Mobiln\u00ed aplikace\" class=\"wp-image-477\" srcset=\"https:\/\/unduhvideoig.app\/wp-content\/uploads\/2025\/07\/mobile_app.webp 600w, https:\/\/unduhvideoig.app\/wp-content\/uploads\/2025\/07\/mobile_app-300x225.webp 300w\" sizes=\"auto, (max-width: 600px) 100vw, 600px\" \/><\/figure>\n<\/div>\n\n\n\n<div class=\"wp-block-column is-layout-flow wp-block-column-is-layout-flow\" style=\"flex-basis:66.66%\">\n<h3 class=\"wp-block-heading\">St\u00e1hnout na mobil nebo po\u010d\u00edta\u010d \u2013 nen\u00ed pot\u0159eba \u017e\u00e1dn\u00e1 aplikace<\/h3>\n\n\n\n<p>V\u0161e funguje p\u0159\u00edmo z va\u0161eho prohl\u00ed\u017ee\u010de \u2013 nen\u00ed pot\u0159eba nic stahovat ani pou\u017e\u00edvat roz\u0161\u00ed\u0159en\u00ed. Stahujte jak\u00e9koli fotografie, videa z video, reels a IGTV jedn\u00edm kliknut\u00edm bez vodoznak\u016f ve vysok\u00e9m rozli\u0161en\u00ed! Pokud jste ale n\u00e1ro\u010dn\u00fd u\u017eivatel, z\u016fsta\u0148te nalad\u011bni \u2013 pracujeme na roz\u0161\u00ed\u0159en\u00ed prohl\u00ed\u017ee\u010de pro je\u0161t\u011b snadn\u011bj\u0161\u00ed p\u0159\u00edstup.<\/p>\n<\/div>\n<\/div>\n\n\n\n<h2 class=\"wp-block-heading has-text-align-center\">Stahova\u010d karusel\u016f<\/h2>\n\n\n\n<hr class=\"wp-block-separator has-alpha-channel-opacity has-fabled-sunset-gradient-background has-background is-style-wide\"\/>\n\n\n\n<p>Tento n\u00e1stroj funguje tak\u00e9 jako stahova\u010d alb z Instagramu \u2013 ide\u00e1ln\u00ed pro tv\u016frce, studenty, market\u00e9ry a fanou\u0161ky, kte\u0159\u00ed cht\u011bj\u00ed ulo\u017eit cel\u00fd p\u0159\u00edsp\u011bvek s v\u00edce medi\u00e1ln\u00edmi polo\u017ekami najednou. St\u00e1hn\u011bte si i ty nejv\u011bt\u0161\u00ed karusely b\u011bhem n\u011bkolika sekund.<\/p>\n\n\n\n<div class=\"wp-block-columns is-layout-flex wp-container-core-columns-is-layout-28f84493 wp-block-columns-is-layout-flex\" style=\"box-shadow:var(--wp--preset--shadow--natural)\">\n<div class=\"wp-block-column is-layout-flow wp-block-column-is-layout-flow\" style=\"flex-basis:66.66%\">\n<h3 class=\"wp-block-heading\">Stahova\u010d alb IG<\/h3>\n\n\n\n<p>Stahov\u00e1n\u00ed p\u0159\u00edsp\u011bvk\u016f z karuselu Instagramu b\u00fdvalo slo\u017eit\u00e9, ale dnes u\u017e ne. S na\u0161\u00edm n\u00e1strojem pro stahov\u00e1n\u00ed alb sta\u010d\u00ed vlo\u017eit odkaz na p\u0159\u00edsp\u011bvek \u2013 \u017e\u00e1dn\u00e9 prohled\u00e1v\u00e1n\u00ed zdrojov\u00e9ho k\u00f3du nebo URL adres fotografi\u00ed. Je to naprosto bezpe\u010dn\u00e9, proto\u017ee v\u0161echny obr\u00e1zky a bal\u00ed\u010dky se stahuj\u00ed p\u0159\u00edmo z ve\u0159ejn\u00fdch server\u016f Instagramu.<\/p>\n<\/div>\n\n\n\n<div class=\"wp-block-column is-layout-flow wp-block-column-is-layout-flow\" style=\"flex-basis:33.33%\">\n<figure class=\"wp-block-image size-full\"><img loading=\"lazy\" decoding=\"async\" width=\"600\" height=\"450\" src=\"https:\/\/unduhvideoig.app\/wp-content\/uploads\/2025\/07\/carousel_downloader.webp\" alt=\"Stahova\u010d karusel\u016f\" class=\"wp-image-475\" srcset=\"https:\/\/unduhvideoig.app\/wp-content\/uploads\/2025\/07\/carousel_downloader.webp 600w, https:\/\/unduhvideoig.app\/wp-content\/uploads\/2025\/07\/carousel_downloader-300x225.webp 300w\" sizes=\"auto, (max-width: 600px) 100vw, 600px\" \/><\/figure>\n<\/div>\n<\/div>\n\n\n\n<div class=\"wp-block-columns is-layout-flex wp-container-core-columns-is-layout-28f84493 wp-block-columns-is-layout-flex\" style=\"box-shadow:var(--wp--preset--shadow--natural)\">\n<div class=\"wp-block-column is-layout-flow wp-block-column-is-layout-flow\" style=\"flex-basis:33.33%\">\n<figure class=\"wp-block-image size-full\"><img loading=\"lazy\" decoding=\"async\" width=\"600\" height=\"450\" src=\"https:\/\/unduhvideoig.app\/wp-content\/uploads\/2025\/07\/photos_downloader.webp\" alt=\"Stahova\u010d fotografi\u00ed\" class=\"wp-image-471\" srcset=\"https:\/\/unduhvideoig.app\/wp-content\/uploads\/2025\/07\/photos_downloader.webp 600w, https:\/\/unduhvideoig.app\/wp-content\/uploads\/2025\/07\/photos_downloader-300x225.webp 300w\" sizes=\"auto, (max-width: 600px) 100vw, 600px\" \/><\/figure>\n<\/div>\n\n\n\n<div class=\"wp-block-column is-layout-flow wp-block-column-is-layout-flow\" style=\"flex-basis:66.66%\">\n<h3 class=\"wp-block-heading\">St\u00e1hnout v\u00edce fotografi\u00ed<\/h3>\n\n\n\n<p>N\u00e1\u0161 n\u00e1stroj pro stahov\u00e1n\u00ed v\u00edce fotografi\u00ed z Instagramu usnad\u0148uje ukl\u00e1d\u00e1n\u00ed n\u011bkolika obr\u00e1zk\u016f z jednoho p\u0159\u00edsp\u011bvku najednou. A\u0165 u\u017e se jedn\u00e1 o dv\u011b fotografie nebo deset, m\u016f\u017eete si je v\u0161echny st\u00e1hnout v p\u016fvodn\u00edm rozli\u0161en\u00ed vysok\u00e9 kvality. Tento n\u00e1stroj podporuje obr\u00e1zky ve Full HD a video, co\u017e v\u00e1m pom\u016f\u017ee uchovat v\u00e1\u0161 obl\u00edben\u00fd obsah bez kompromis\u016f.<\/p>\n<\/div>\n<\/div>\n\n\n\n<h2 class=\"wp-block-heading has-text-align-center\">\u010casto kladen\u00e9 ot\u00e1zky (FAQ)<\/h2>\n\n\n\n<hr class=\"wp-block-separator has-alpha-channel-opacity has-fabled-sunset-gradient-background has-background is-style-wide\"\/>\n\n\n\n<p>Zde najdete odpov\u011bdi na \u010dast\u00e9 ot\u00e1zky t\u00fdkaj\u00edc\u00ed se pou\u017e\u00edv\u00e1n\u00ed na\u0161eho stahova\u010de videa z Instagramu UnduhVideoIg.App. Pokud va\u0161e ot\u00e1zka nen\u00ed uvedena v seznamu, nev\u00e1hejte n\u00e1s kdykoli kontaktovat prost\u0159ednictv\u00edm e-mailov\u00e9ho formul\u00e1\u0159e na na\u0161\u00ed kontaktn\u00ed str\u00e1nce.<\/p>\n\n\n\n<h3 class=\"wp-block-heading\">Jak\u00fd je nejjednodu\u0161\u0161\u00ed zp\u016fsob, jak st\u00e1hnout p\u0159\u00edsp\u011bvky z karuselu na Instagramu?<\/h3>\n\n\n\n<p>Sta\u010d\u00ed zkop\u00edrovat odkaz na karuselov\u00fd p\u0159\u00edsp\u011bvek z Instagramu, vlo\u017eit ho do pole v\u00fd\u0161e na UnduhVideoIg a kliknout na St\u00e1hnout. V\u0161echny obr\u00e1zky a videa video si st\u00e1hnete b\u011bhem n\u011bkolika sekund.<\/p>\n\n\n\n<h3 class=\"wp-block-heading\">Jak\u00e1 je kvalita sta\u017een\u00e9ho obsahu z karuselu?<\/h3>\n\n\n\n<p>Zachov\u00e1v\u00e1me p\u016fvodn\u00ed kvalitu nahr\u00e1v\u00e1n\u00ed z Carouselu. Z\u00edsk\u00e1te obr\u00e1zky JPG a MP4 video ve vysok\u00e9m rozli\u0161en\u00ed tak, jak byly zve\u0159ejn\u011bny \u2013 bez komprese ani vodoznaku p\u0159idan\u00e9ho programem UnduhVideoIg.App.<\/p>\n\n\n\n<h3 class=\"wp-block-heading\">Mohu tento n\u00e1stroj pro stahov\u00e1n\u00ed p\u0159\u00edsp\u011bvk\u016f z karuselu pou\u017e\u00edvat na mobilu nebo po\u010d\u00edta\u010di?<\/h3>\n\n\n\n<p>Ano! N\u00e1\u0161 n\u00e1stroj pro stahov\u00e1n\u00ed obr\u00e1zk\u016f funguje na v\u0161ech za\u0159\u00edzen\u00edch, prohl\u00ed\u017ee\u010d\u00edch a opera\u010dn\u00edch syst\u00e9mech \u2013 sta\u010d\u00ed se ujistit, \u017ee jste p\u0159ipojeni k internetu.<\/p>\n\n\n\n<h3 class=\"wp-block-heading\">Co p\u0159esn\u011b je Instagram carousel?<\/h3>\n\n\n\n<p>Karusel (nebo slideshow) je p\u0159\u00edsp\u011bvek, kter\u00fd obsahuje a\u017e 10 fotografi\u00ed a\/nebo video ve form\u00e1tu, kter\u00fd lze proch\u00e1zet prstem. Jsou obl\u00edben\u00e9 pro vypr\u00e1v\u011bn\u00ed p\u0159\u00edb\u011bh\u016f, prezentace produkt\u016f a tutori\u00e1ly.<\/p>\n\n\n\n<h3 class=\"wp-block-heading\">Je tento n\u00e1stroj zdarma a bezpe\u010dn\u00fd?<\/h3>\n\n\n\n<p>Rozhodn\u011b. Je to zdarma, neshroma\u017e\u010fuje u\u017eivatelsk\u00e1 data a b\u011b\u017e\u00ed kompletn\u011b ve va\u0161em prohl\u00ed\u017ee\u010di, abyste si mohli st\u00e1hnout prezentace z Instagramu pomoc\u00ed n\u00e1stroje UnduhVideoIg.<\/p>","protected":false},"excerpt":{"rendered":"<p>IG Carousel Downloader Download Carousel from Instagram Download With the usage of our service, you\u2019re accepting our Terms of Usage. Download Instagram Carousels Instagram carousel posts let users share up to 10 images or videos in a single post, making them perfect for stories, tutorials, lookbooks, and albums. But what if you want to download [&hellip;]<\/p>\n","protected":false},"author":1,"featured_media":0,"parent":0,"menu_order":0,"comment_status":"closed","ping_status":"closed","template":"","meta":{"slim_seo":{"title":"Instagram Carousel Downloader \u2013 Stahujte v\u00edce fotografi\u00ed a vide\u00ed z Instagramu","description":"St\u00e1hn\u011bte si IG carousel zdarma bez jak\u00e9koli aplikace. Ulo\u017ete si sv\u00e9 obl\u00edben\u00e9 fotky z Instagramu carousel a video snadno, rychle, v HD kvalit\u011b a bez vodoznaku online!"},"footnotes":""},"class_list":["post-375","page","type-page","status-publish","hentry"],"blocksy_meta":{"background":{"background_type":"color","background_pattern":"type-1","background_image":{"attachment_id":null,"x":0,"y":0},"gradient":"linear-gradient(135deg,rgba(6,147,227,1) 0%,rgb(155,81,224) 100%)","background_repeat":"repeat","background_size":"auto","background_attachment":"scroll","patternColor":{"default":{"color":"#e5e7ea"}},"overlayColor":{"default":{"color":"CT_CSS_SKIP_RULE"}},"backgroundColor":{"default":{"color":"CT_CSS_SKIP_RULE"}}},"styles_descriptor":{"styles":{"desktop":"[data-prefix=\"single_page\"] [class*=\"ct-container\"] > article[class*=\"post\"] {--has-boxed:var(--false);--has-wide:var(--true);}","tablet":"","mobile":""},"google_fonts":[],"version":6},"content_style_source":"custom","content_style":"wide","has_hero_section":"disabled"},"_links":{"self":[{"href":"https:\/\/unduhvideoig.app\/cs\/wp-json\/wp\/v2\/pages\/375","targetHints":{"allow":["GET"]}}],"collection":[{"href":"https:\/\/unduhvideoig.app\/cs\/wp-json\/wp\/v2\/pages"}],"about":[{"href":"https:\/\/unduhvideoig.app\/cs\/wp-json\/wp\/v2\/types\/page"}],"author":[{"embeddable":true,"href":"https:\/\/unduhvideoig.app\/cs\/wp-json\/wp\/v2\/users\/1"}],"replies":[{"embeddable":true,"href":"https:\/\/unduhvideoig.app\/cs\/wp-json\/wp\/v2\/comments?post=375"}],"version-history":[{"count":20,"href":"https:\/\/unduhvideoig.app\/cs\/wp-json\/wp\/v2\/pages\/375\/revisions"}],"predecessor-version":[{"id":658,"href":"https:\/\/unduhvideoig.app\/cs\/wp-json\/wp\/v2\/pages\/375\/revisions\/658"}],"wp:attachment":[{"href":"https:\/\/unduhvideoig.app\/cs\/wp-json\/wp\/v2\/media?parent=375"}],"curies":[{"name":"wp","href":"https:\/\/api.w.org\/{rel}","templated":true}]}}