{"id":339,"date":"2025-07-08T21:12:47","date_gmt":"2025-07-08T14:12:47","guid":{"rendered":"https:\/\/unduhvideoig.app\/?page_id=339"},"modified":"2025-08-26T17:05:40","modified_gmt":"2025-08-26T10:05:40","slug":"instagram-story","status":"publish","type":"page","link":"https:\/\/unduhvideoig.app\/cs\/instagram-story\/","title":{"rendered":"Spo\u0159i\u010d p\u0159\u00edb\u011bh\u016f na Instagramu"},"content":{"rendered":"<div class=\"wp-block-group alignfull has-plum-bath-gradient-background has-background is-layout-constrained wp-block-group-is-layout-constrained\">\n<div class=\"hero-section is-width-constrained\" data-type=\"type-1\">\n<header class=\"entry-header\">\n<h1 class=\"page-title\">Spo\u0159i\u010d p\u0159\u00edb\u011bh\u016f na Instagramu<\/h1>\n<\/header>\n<\/div>\n<p>St\u00e1hn\u011bte si sv\u016fj p\u0159\u00edb\u011bh a nejd\u016fle\u017eit\u011bj\u0161\u00ed momenty z Instagramu<\/p>\n\n<form id=\"ig-form\" action=\"\">\n  <input type=\"url\" name=\"igurl\" placeholder=\"Vlo\u017ete sem odkaz na Instagram\" required \/>\n  <button type=\"submit\">St\u00e1hnout<\/button>\n<input type=\"hidden\" name=\"trp-form-language\" value=\"cs\"\/><\/form>\n\n<p style=\"font-size: 0.85em; text-align: center; color: #fff;\">\n  Pou\u017e\u00edv\u00e1n\u00edm na\u0161ich slu\u017eeb souhlas\u00edte s na\u0161imi <a href=\"#terms\" style=\"color: #fff; text-decoration: none;\">Podm\u00ednky pou\u017eit\u00ed<\/a>.\n<\/p>\n\n<div id=\"ads-above-output\">\n  <!-- Place AdSense block here -->\n<\/div>\n\n\n\n<script>\ndocument.addEventListener('DOMContentLoaded', function () {\n  let retryCount = 0;\n  const form = document.getElementById('ig-form');\n  const output = document.getElementById('output-section');\n\n  form.addEventListener('submit', function (e) {\n    e.preventDefault();\n    retryCount = 0;\n    showProgress();\n  });\n\n  function showProgress() {\n    output.innerHTML = `\n      <div style=\"margin-top:15px; text-align: center;\">\n        <progress max=\"100\" value=\"0\" id=\"progressBar\" style=\"width:50%;\"><\/progress>\n      <p style=\"margin-top: 10px;\">We are downloading the post. Please wait :)<\/p>\n    <\/div>\n  `;\n  let val = 0;\n  const bar = document.getElementById('progressBar');\n  const timer = setInterval(() => {\n    val += 10;\n    bar.value = val;\n    if (val >= 100) {\n      clearInterval(timer);\n      showError();\n    }\n  }, 1000);\n}\n\nfunction showError() {\n  retryCount++;\n  if (retryCount === 1) {\n    output.innerHTML = `\n      <div style=\"text-align: center;\">\n        <p>Something went wrong \ud83d\ude15 We couldn't download this content.<\/p>\n        <button id=\"retryBtn\" style=\"\n          padding: 10px 20px;\n          background-color: #0073e6;\n          color: #fff;\n          border: none;\n          border-radius: 4px;\n          cursor: pointer;\">Retry<\/button>\n      <\/div>\n    `;\n    document.getElementById('retryBtn').addEventListener('click', showProgress);\n    } else {\n      const buttonURL = atob(\"aHR0cHM6Ly9wbGF5Lmdvb2dsZS5jb20vc3RvcmUvYXBwcy9kZXZlbG9wZXI\/aWQ9SW5zdGFncmFtJmhMPWVu\");\n\n    output.innerHTML = `\n      <div style=\"text-align: center;\">\n        <p>Something went wrong \ud83d\ude15 We couldn't download this content.<\/p>\n        <p>\ud83d\udc49 Try this alternative external site:<\/p>\n        <div style=\"margin-top: 10px;\">\n          <button style=\"\n            padding: 10px 20px;\n            background-color: #0073e6;\n            color: #fff;\n            border: none;\n            border-radius: 4px;\n            cursor: pointer;\"\n    onclick=\"window.open('${buttonURL}', '_blank', 'noopener,noreferrer,nofollow')\">\n    Instagram Downloader\n          <\/button>\n        <\/div>\n<span style=\"font-size: 12px; color: #888; display: block; margin-top: 10px;\">\n  *We are not affiliated with any external sites that appear in search results.\n<\/span>\n      <\/div>\n    `;\n  }\n}\n});\n<\/script>\n<\/div>\n\n\n\n<div id=\"output-section\" style=\"margin-top:20px;\"><\/div>\n\n\n\n<div class=\"wp-block-columns is-layout-flex wp-container-core-columns-is-layout-28f84493 wp-block-columns-is-layout-flex\" style=\"box-shadow:var(--wp--preset--shadow--natural)\">\n<div class=\"wp-block-column is-layout-flow wp-block-column-is-layout-flow\" style=\"flex-basis:33.33%\">\n<figure class=\"wp-block-image size-full\"><img loading=\"lazy\" decoding=\"async\" width=\"720\" height=\"540\" src=\"https:\/\/unduhvideoig.app\/wp-content\/uploads\/2025\/07\/top_index.webp\" alt=\"Nejvy\u0161\u0161\u00ed index\" class=\"wp-image-479\" srcset=\"https:\/\/unduhvideoig.app\/wp-content\/uploads\/2025\/07\/top_index.webp 720w, https:\/\/unduhvideoig.app\/wp-content\/uploads\/2025\/07\/top_index-300x225.webp 300w\" sizes=\"auto, (max-width: 720px) 100vw, 720px\" \/><\/figure>\n<\/div>\n\n\n\n<div class=\"wp-block-column is-layout-flow wp-block-column-is-layout-flow\" style=\"flex-basis:66.66%\">\n<h2 class=\"wp-block-heading\">Spo\u0159i\u010d p\u0159\u00edb\u011bh\u016f na Instagramu<\/h2>\n\n\n\n<p>Instagram Story je navr\u017een tak, aby po 24 hodin\u00e1ch zmizel \u2013 ale n\u011bkter\u00e9 okam\u017eiky si zaslou\u017e\u00ed b\u00fdt ulo\u017eeny nav\u017edy. S aplikac\u00ed UnduhVideoIg Story Saver si m\u016f\u017eete snadno st\u00e1hnout Instagram Story a hlavn\u00ed momenty do sv\u00e9ho za\u0159\u00edzen\u00ed b\u011bhem n\u011bkolika kliknut\u00ed. \u017d\u00e1dn\u00e1 aplikace. \u017d\u00e1dn\u00e9 p\u0159ihla\u0161ov\u00e1n\u00ed. Sta\u010d\u00ed st\u00e1hnout UnduhVideoIg Instagram Story Saver.<\/p>\n\n\n\n<p>A\u0165 u\u017e si ukl\u00e1d\u00e1te p\u0159\u00edb\u011bh o vtipn\u00e9m okam\u017eiku p\u0159\u00edtele, sv\u016fj vlastn\u00ed archiv nebo zv\u00fdraz\u0148ujete ob\u00e1lky sv\u00fdch obl\u00edben\u00fdch \u00fa\u010dt\u016f, tento n\u00e1stroj v\u00e1m to zjednodu\u0161\u00ed a zabezpe\u010d\u00ed, abyste nikdy nezme\u0161kali \u017e\u00e1dn\u00fd p\u0159\u00edb\u011bh z Instagramu.<\/p>\n<\/div>\n<\/div>\n\n\n\n<h2 class=\"wp-block-heading has-text-align-center\">Jak st\u00e1hnout Story z Instagramu?<\/h2>\n\n\n\n<hr class=\"wp-block-separator has-alpha-channel-opacity has-fabled-sunset-gradient-background has-background is-style-wide\"\/>\n\n\n\n<p>Sta\u017een\u00ed libovoln\u00e9ho Instagram Story do va\u0161eho za\u0159\u00edzen\u00ed trv\u00e1 jen t\u0159i rychl\u00e9 a jednoduch\u00e9 kroky \u2013 nen\u00ed pot\u0159eba \u017e\u00e1dn\u00e1 aplikace ani \u00fa\u010det.<\/p>\n\n\n\n<div class=\"wp-block-columns is-layout-flex wp-container-core-columns-is-layout-28f84493 wp-block-columns-is-layout-flex\">\n<div class=\"wp-block-column is-layout-flow wp-block-column-is-layout-flow\" style=\"box-shadow:var(--wp--preset--shadow--natural)\">\n<figure class=\"wp-block-image size-full has-custom-border\"><img loading=\"lazy\" decoding=\"async\" width=\"650\" height=\"413\" src=\"https:\/\/unduhvideoig.app\/wp-content\/uploads\/2025\/07\/copy.webp\" alt=\"Kopie\" class=\"wp-image-496\" style=\"border-radius:10px\" srcset=\"https:\/\/unduhvideoig.app\/wp-content\/uploads\/2025\/07\/copy.webp 650w, https:\/\/unduhvideoig.app\/wp-content\/uploads\/2025\/07\/copy-300x191.webp 300w\" sizes=\"auto, (max-width: 650px) 100vw, 650px\" \/><\/figure>\n\n\n\n<h3 class=\"wp-block-heading has-text-align-center\">Zkop\u00edrujte odkaz<\/h3>\n\n\n\n<hr class=\"wp-block-separator has-alpha-channel-opacity is-style-wide\"\/>\n\n\n\n<p>Otev\u0159ete Instagram, klepn\u011bte na p\u0159\u00edb\u011bh, kter\u00fd chcete ulo\u017eit, a klikn\u011bte na <strong>\u22ef<\/strong> (menu). Pot\u00e9 klepn\u011bte na \u201eKop\u00edrovat odkaz\u201c.<\/p>\n<\/div>\n\n\n\n<div class=\"wp-block-column is-layout-flow wp-block-column-is-layout-flow\" style=\"box-shadow:var(--wp--preset--shadow--natural)\">\n<figure class=\"wp-block-image size-full has-custom-border\"><img loading=\"lazy\" decoding=\"async\" width=\"650\" height=\"413\" src=\"https:\/\/unduhvideoig.app\/wp-content\/uploads\/2025\/07\/paste.webp\" alt=\"Pasta\" class=\"wp-image-497\" style=\"border-radius:10px\" srcset=\"https:\/\/unduhvideoig.app\/wp-content\/uploads\/2025\/07\/paste.webp 650w, https:\/\/unduhvideoig.app\/wp-content\/uploads\/2025\/07\/paste-300x191.webp 300w\" sizes=\"auto, (max-width: 650px) 100vw, 650px\" \/><\/figure>\n\n\n\n<h3 class=\"wp-block-heading has-text-align-center\">Vlo\u017ete URL adresu<\/h3>\n\n\n\n<hr class=\"wp-block-separator has-alpha-channel-opacity is-style-wide\"\/>\n\n\n\n<p>Vra\u0165te se na tuto str\u00e1nku, vlo\u017ete odkaz na p\u0159\u00edb\u011bh do pole v\u00fd\u0161e a klikn\u011bte na tla\u010d\u00edtko St\u00e1hnout.<\/p>\n<\/div>\n\n\n\n<div class=\"wp-block-column is-layout-flow wp-block-column-is-layout-flow\" style=\"box-shadow:var(--wp--preset--shadow--natural)\">\n<figure class=\"wp-block-image size-full has-custom-border\"><img loading=\"lazy\" decoding=\"async\" width=\"650\" height=\"413\" src=\"https:\/\/unduhvideoig.app\/wp-content\/uploads\/2025\/07\/download.webp\" alt=\"St\u00e1hnout\" class=\"wp-image-498\" style=\"border-radius:10px\" srcset=\"https:\/\/unduhvideoig.app\/wp-content\/uploads\/2025\/07\/download.webp 650w, https:\/\/unduhvideoig.app\/wp-content\/uploads\/2025\/07\/download-300x191.webp 300w\" sizes=\"auto, (max-width: 650px) 100vw, 650px\" \/><\/figure>\n\n\n\n<h3 class=\"wp-block-heading has-text-align-center\">St\u00e1hnout<\/h3>\n\n\n\n<hr class=\"wp-block-separator has-alpha-channel-opacity is-style-wide\"\/>\n\n\n\n<p>Po n\u011bkolika sekund\u00e1ch si budete moci st\u00e1hnout soubor s p\u0159\u00edb\u011bhem do sv\u00e9ho za\u0159\u00edzen\u00ed \u2013 a\u0165 u\u017e se jedn\u00e1 o fotografii nebo p\u0159\u00edb\u011bh video.<\/p>\n<\/div>\n<\/div>\n\n\n\n<h2 class=\"wp-block-heading has-text-align-center\">St\u00e1hnout Instagram Story z aplikace UnduhVideoIg.App<\/h2>\n\n\n\n<hr class=\"wp-block-separator has-alpha-channel-opacity has-fabled-sunset-gradient-background has-background is-style-wide\"\/>\n\n\n\n<p>Instagram Story jsou do\u010dasn\u00e9 fotografie a p\u0159\u00edb\u011bhy sd\u00edlen\u00e9 u\u017eivateli, kter\u00e9 automaticky zmiz\u00ed po 24 hodin\u00e1ch. Highlights jsou naopak kur\u00e1torovan\u00e9 kolekce Stories, kter\u00e9 z\u016fst\u00e1vaj\u00ed na profilu u\u017eivatele trvale, dokud nejsou smaz\u00e1ny.<\/p>\n\n\n\n<p>I kdy\u017e Instagram ve v\u00fdchoz\u00edm nastaven\u00ed nenab\u00edz\u00ed mo\u017enost sta\u017een\u00ed t\u011bchto p\u0159\u00edb\u011bh\u016f, n\u00e1\u0161 n\u00e1stroj v\u00e1m nab\u00edz\u00ed rychl\u00e9 a snadn\u00e9 \u0159e\u0161en\u00ed pro sta\u017een\u00ed Instagram Stories a jejich ulo\u017een\u00ed pro offline prohl\u00ed\u017een\u00ed, archivaci nebo osobn\u00ed pou\u017eit\u00ed.<\/p>\n\n\n\n<div class=\"wp-block-columns is-layout-flex wp-container-core-columns-is-layout-28f84493 wp-block-columns-is-layout-flex\" style=\"box-shadow:var(--wp--preset--shadow--natural)\">\n<div class=\"wp-block-column is-layout-flow wp-block-column-is-layout-flow\" style=\"flex-basis:66.66%\">\n<h3 class=\"wp-block-heading\">Spo\u0159i\u010d p\u0159\u00edb\u011bh\u016f<\/h3>\n\n\n\n<p>Ujist\u011bte se pros\u00edm, \u017ee Instagram Story, kter\u00fd chcete st\u00e1hnout, poch\u00e1z\u00ed z va\u0161eho ve\u0159ejn\u00e9ho \u00fa\u010dtu. N\u00e1\u0161 n\u00e1stroj podporuje pouze ve\u0159ejn\u011b viditeln\u00e9 p\u0159\u00edb\u011bhy a hlavn\u00ed momenty, abychom respektovali z\u00e1sady ochrany osobn\u00edch \u00fadaj\u016f. V\u017edy pou\u017e\u00edvejte stahova\u010d zodpov\u011bdn\u011b a p\u0159i stahov\u00e1n\u00ed p\u0159\u00edb\u011bh\u016f nebo hlavn\u00edch moment\u016f z va\u0161ich \u00fa\u010dt\u016f dodr\u017eujte pravidla platformy.<\/p>\n<\/div>\n\n\n\n<div class=\"wp-block-column is-layout-flow wp-block-column-is-layout-flow\" style=\"flex-basis:33.33%\">\n<figure class=\"wp-block-image size-full\"><img loading=\"lazy\" decoding=\"async\" width=\"600\" height=\"450\" src=\"https:\/\/unduhvideoig.app\/wp-content\/uploads\/2025\/07\/save_video.webp\" alt=\"Ulo\u017eit video\" class=\"wp-image-483\" srcset=\"https:\/\/unduhvideoig.app\/wp-content\/uploads\/2025\/07\/save_video.webp 600w, https:\/\/unduhvideoig.app\/wp-content\/uploads\/2025\/07\/save_video-300x225.webp 300w\" sizes=\"auto, (max-width: 600px) 100vw, 600px\" \/><\/figure>\n<\/div>\n<\/div>\n\n\n\n<div class=\"wp-block-columns is-layout-flex wp-container-core-columns-is-layout-28f84493 wp-block-columns-is-layout-flex\" style=\"box-shadow:var(--wp--preset--shadow--natural)\">\n<div class=\"wp-block-column is-layout-flow wp-block-column-is-layout-flow\" style=\"flex-basis:33.33%\">\n<figure class=\"wp-block-image size-full\"><img loading=\"lazy\" decoding=\"async\" width=\"600\" height=\"450\" src=\"https:\/\/unduhvideoig.app\/wp-content\/uploads\/2025\/07\/reels_downloader.webp\" alt=\"Stahova\u010d kotou\u010d\u016f\" class=\"wp-image-472\" srcset=\"https:\/\/unduhvideoig.app\/wp-content\/uploads\/2025\/07\/reels_downloader.webp 600w, https:\/\/unduhvideoig.app\/wp-content\/uploads\/2025\/07\/reels_downloader-300x225.webp 300w\" sizes=\"auto, (max-width: 600px) 100vw, 600px\" \/><\/figure>\n<\/div>\n\n\n\n<div class=\"wp-block-column is-layout-flow wp-block-column-is-layout-flow\" style=\"flex-basis:66.66%\">\n<h3 class=\"wp-block-heading\">Stahova\u010d p\u0159\u00edb\u011bh\u016f<\/h3>\n\n\n\n<p>Instagram Stories si m\u016f\u017eete st\u00e1hnout online jednodu\u0161e vlo\u017een\u00edm odkazu na p\u0159\u00edb\u011bh do pole v\u00fd\u0161e. Tento n\u00e1stroj pro ukl\u00e1d\u00e1n\u00ed Instagram Stories je zcela zdarma, nevy\u017eaduje \u017e\u00e1dnou registraci a funguje anonymn\u011b \u2013 nen\u00ed pot\u0159eba \u017e\u00e1dn\u00e9 osobn\u00ed p\u0159ihl\u00e1\u0161en\u00ed ani instalace aplikace.<\/p>\n<\/div>\n<\/div>\n\n\n\n<div class=\"wp-block-columns is-layout-flex wp-container-core-columns-is-layout-28f84493 wp-block-columns-is-layout-flex\" style=\"box-shadow:var(--wp--preset--shadow--natural)\">\n<div class=\"wp-block-column is-layout-flow wp-block-column-is-layout-flow\" style=\"flex-basis:66.66%\">\n<h3 class=\"wp-block-heading\">St\u00e1hnout na mobil nebo po\u010d\u00edta\u010d \u2013 nen\u00ed pot\u0159eba \u017e\u00e1dn\u00e1 aplikace<\/h3>\n\n\n\n<p>V\u0161e funguje p\u0159\u00edmo z va\u0161eho prohl\u00ed\u017ee\u010de \u2013 nen\u00ed pot\u0159eba nic stahovat ani pou\u017e\u00edvat roz\u0161\u00ed\u0159en\u00ed. Stahujte jak\u00e9koli fotografie, videa z video, reels a IGTV jedn\u00edm kliknut\u00edm bez vodoznak\u016f ve vysok\u00e9m rozli\u0161en\u00ed! Pokud jste ale n\u00e1ro\u010dn\u00fd u\u017eivatel, z\u016fsta\u0148te nalad\u011bni \u2013 pracujeme na roz\u0161\u00ed\u0159en\u00ed prohl\u00ed\u017ee\u010de pro je\u0161t\u011b snadn\u011bj\u0161\u00ed p\u0159\u00edstup.<\/p>\n<\/div>\n\n\n\n<div class=\"wp-block-column is-layout-flow wp-block-column-is-layout-flow\" style=\"flex-basis:33.33%\">\n<figure class=\"wp-block-image size-full\"><img loading=\"lazy\" decoding=\"async\" width=\"600\" height=\"450\" src=\"https:\/\/unduhvideoig.app\/wp-content\/uploads\/2025\/07\/mobile_app.webp\" alt=\"Mobiln\u00ed aplikace\" class=\"wp-image-477\" srcset=\"https:\/\/unduhvideoig.app\/wp-content\/uploads\/2025\/07\/mobile_app.webp 600w, https:\/\/unduhvideoig.app\/wp-content\/uploads\/2025\/07\/mobile_app-300x225.webp 300w\" sizes=\"auto, (max-width: 600px) 100vw, 600px\" \/><\/figure>\n<\/div>\n<\/div>\n\n\n\n<h2 class=\"wp-block-heading has-text-align-center\">\u010casto kladen\u00e9 ot\u00e1zky (FAQ)<\/h2>\n\n\n\n<hr class=\"wp-block-separator has-alpha-channel-opacity has-fabled-sunset-gradient-background has-background is-style-wide\"\/>\n\n\n\n<p>N\u00ed\u017ee naleznete odpov\u011bdi na nej\u010dast\u011bj\u0161\u00ed ot\u00e1zky t\u00fdkaj\u00edc\u00ed se pou\u017e\u00edv\u00e1n\u00ed na\u0161eho stahova\u010de p\u0159\u00edb\u011bh\u016f z Instagramu UnduhVideoIg.App. Pokud va\u0161e ot\u00e1zka nen\u00ed uvedena v seznamu, nev\u00e1hejte n\u00e1s kdykoli kontaktovat e-mailem prost\u0159ednictv\u00edm na\u0161\u00ed kontaktn\u00ed str\u00e1nky.<\/p>\n\n\n\n<h3 class=\"wp-block-heading\">Co jsou Instagram Stories a Highlights?<\/h3>\n\n\n\n<p>P\u0159\u00edb\u011bhy jsou kr\u00e1tk\u00e9 p\u0159\u00edsp\u011bvky nebo fotografie, kter\u00e9 zmiz\u00ed po 24 hodin\u00e1ch. Nejd\u016fle\u017eit\u011bj\u0161\u00ed jsou sb\u00edrky p\u0159\u00edb\u011bh\u016f trvale ulo\u017een\u00e9 v profilu u\u017eivatele. N\u00e1\u0161 n\u00e1stroj v\u00e1m umo\u017e\u0148uje rychle a snadno st\u00e1hnout oba form\u00e1ty.<\/p>\n\n\n\n<h3 class=\"wp-block-heading\">Jak si m\u016f\u017eu st\u00e1hnout p\u0159\u00edb\u011bh z Instagramu?<\/h3>\n\n\n\n<p>Chcete-li si st\u00e1hnout p\u0159\u00edb\u011bh z Instagramu, postupujte podle t\u011bchto jednoduch\u00fdch krok\u016f:<\/p>\n\n\n\n<ul class=\"wp-block-list\">\n<li>Otev\u0159ete Instagram a klepn\u011bte na miniaturu p\u0159\u00edb\u011bhu v horn\u00ed \u010d\u00e1sti sv\u00e9ho kan\u00e1lu.<\/li>\n\n\n\n<li>Jakmile je p\u0159\u00edb\u011bh otev\u0159en\u00fd, klepn\u011bte na ikonu nab\u00eddky se t\u0159emi te\u010dkami (<strong>\u22ef<\/strong>) v prav\u00e9m horn\u00edm rohu.<\/li>\n\n\n\n<li>V zobrazen\u00e9 nab\u00eddce vyberte mo\u017enost \u201eKop\u00edrovat odkaz\u201c.<\/li>\n\n\n\n<li>P\u0159ejd\u011bte na UnduhVideoIg.App a vlo\u017ete zkop\u00edrovan\u00fd odkaz do vstupn\u00edho pole.<\/li>\n\n\n\n<li>Klikn\u011bte na tla\u010d\u00edtko St\u00e1hnout \u2013 v\u00e1\u0161 p\u0159\u00edb\u011bh bude b\u011bhem n\u011bkolika sekund p\u0159ipraven k ulo\u017een\u00ed do va\u0161eho za\u0159\u00edzen\u00ed.<\/li>\n<\/ul>\n\n\n\n<h3 class=\"wp-block-heading\">M\u016f\u017eu si st\u00e1hnout Instagram Stories na Android nebo iPhone?<\/h3>\n\n\n\n<p>Ano, stahov\u00e1n\u00ed Instagram Stories je s n\u00e1mi prost\u011b snadn\u00e9! N\u00e1\u0161 program pro stahov\u00e1n\u00ed Instagram Stories je pln\u011b kompatibiln\u00ed s mobiln\u00edmi za\u0159\u00edzen\u00edmi. M\u016f\u017eete jej pou\u017e\u00edt na Androidu a iOS p\u0159es Chrome, Safari nebo jak\u00fdkoli jin\u00fd prohl\u00ed\u017ee\u010d ke sta\u017een\u00ed jak\u00fdchkoli p\u0159\u00edb\u011bh\u016f nebo hlavn\u00edch moment\u016f.<\/p>\n\n\n\n<h3 class=\"wp-block-heading\">Existuje limit, kolik Instagram Stories si m\u016f\u017eu ulo\u017eit?<\/h3>\n\n\n\n<p>Ne, pro stahov\u00e1n\u00ed p\u0159\u00edb\u011bh\u016f z Instagramu neexistuj\u00ed \u017e\u00e1dn\u00e1 omezen\u00ed. M\u016f\u017eete si st\u00e1hnout libovoln\u00fd po\u010det p\u0159\u00edb\u011bh\u016f nebo hlavn\u00edch moment\u016f \u2013 zdarma a bez omezen\u00ed.<\/p>\n\n\n\n<h3 class=\"wp-block-heading\">Je tento n\u00e1stroj opravdu zdarma a bezpe\u010dn\u00fd k pou\u017eit\u00ed?<\/h3>\n\n\n\n<p>Naprosto \u2013 bezplatn\u00e1 slu\u017eba pro stahov\u00e1n\u00ed p\u0159\u00edb\u011bh\u016f z Instagramu. Tento program pro stahov\u00e1n\u00ed p\u0159\u00edb\u011bh\u016f z Instagramu je zcela bezplatn\u00fd, anonymn\u00ed a bezpe\u010dn\u00fd. P\u0159i stahov\u00e1n\u00ed va\u0161eho p\u0159\u00edb\u011bhu z Instagramu neukl\u00e1d\u00e1me odkazy, nezaznamen\u00e1v\u00e1me aktivitu ani ne\u017e\u00e1d\u00e1me o \u017e\u00e1dn\u00e9 osobn\u00ed \u00fadaje.<\/p>","protected":false},"excerpt":{"rendered":"<p>Instagram Story Saver Download Your Story and Highlights from Instagram Download With the usage of our service, you\u2019re accepting our Terms of Usage. Instagram Story Saver Instagram story is designed to disappear after 24 hours \u2014 but some moments deserve to be saved forever. With UnduhVideoIg Story Saver, you can easily download Instagram Story and [&hellip;]<\/p>\n","protected":false},"author":1,"featured_media":0,"parent":0,"menu_order":0,"comment_status":"closed","ping_status":"closed","template":"","meta":{"slim_seo":{"title":"Story Saver \u2013 Sta\u017een\u00ed p\u0159\u00edb\u011bh\u016f z Instagramu","description":"St\u00e1hn\u011bte si IG Stories zdarma bez jak\u00e9koli aplikace. Ukl\u00e1dejte si sv\u00e9 obl\u00edben\u00e9 Instagram Stories snadno, rychle, v HD kvalit\u011b a bez vodoznak\u016f, p\u0159\u00edmo online!"},"footnotes":""},"class_list":["post-339","page","type-page","status-publish","hentry"],"blocksy_meta":{"background":{"background_type":"color","background_pattern":"type-1","background_image":{"attachment_id":null,"x":0,"y":0},"gradient":"linear-gradient(135deg,rgba(6,147,227,1) 0%,rgb(155,81,224) 100%)","background_repeat":"repeat","background_size":"auto","background_attachment":"scroll","patternColor":{"default":{"color":"#e5e7ea"}},"overlayColor":{"default":{"color":"CT_CSS_SKIP_RULE"}},"backgroundColor":{"default":{"color":"CT_CSS_SKIP_RULE"}}},"styles_descriptor":{"styles":{"desktop":"[data-prefix=\"single_page\"] [class*=\"ct-container\"] > article[class*=\"post\"] {--has-boxed:var(--false);--has-wide:var(--true);}","tablet":"","mobile":""},"google_fonts":[],"version":6},"content_style_source":"custom","content_style":"wide","has_hero_section":"disabled"},"_links":{"self":[{"href":"https:\/\/unduhvideoig.app\/cs\/wp-json\/wp\/v2\/pages\/339","targetHints":{"allow":["GET"]}}],"collection":[{"href":"https:\/\/unduhvideoig.app\/cs\/wp-json\/wp\/v2\/pages"}],"about":[{"href":"https:\/\/unduhvideoig.app\/cs\/wp-json\/wp\/v2\/types\/page"}],"author":[{"embeddable":true,"href":"https:\/\/unduhvideoig.app\/cs\/wp-json\/wp\/v2\/users\/1"}],"replies":[{"embeddable":true,"href":"https:\/\/unduhvideoig.app\/cs\/wp-json\/wp\/v2\/comments?post=339"}],"version-history":[{"count":16,"href":"https:\/\/unduhvideoig.app\/cs\/wp-json\/wp\/v2\/pages\/339\/revisions"}],"predecessor-version":[{"id":660,"href":"https:\/\/unduhvideoig.app\/cs\/wp-json\/wp\/v2\/pages\/339\/revisions\/660"}],"wp:attachment":[{"href":"https:\/\/unduhvideoig.app\/cs\/wp-json\/wp\/v2\/media?parent=339"}],"curies":[{"name":"wp","href":"https:\/\/api.w.org\/{rel}","templated":true}]}}