{"id":284,"date":"2025-07-08T14:56:58","date_gmt":"2025-07-08T07:56:58","guid":{"rendered":"https:\/\/unduhvideoig.app\/?page_id=284"},"modified":"2025-08-26T17:01:23","modified_gmt":"2025-08-26T10:01:23","slug":"instagram-photo","status":"publish","type":"page","link":"https:\/\/unduhvideoig.app\/cs\/instagram-photo\/","title":{"rendered":"Stahova\u010d fotografi\u00ed z Instagramu"},"content":{"rendered":"<div class=\"wp-block-group alignfull has-plum-bath-gradient-background has-background is-layout-constrained wp-block-group-is-layout-constrained\">\n<div class=\"hero-section is-width-constrained\" data-type=\"type-1\">\n<header class=\"entry-header\">\n<h1 class=\"page-title\">Stahova\u010d fotografi\u00ed z Instagramu<\/h1>\n<\/header>\n<\/div>\n<p>Stahov\u00e1n\u00ed fotografi\u00ed z Instagramu<\/p>\n\n<form id=\"ig-form\" action=\"\">\n  <input type=\"url\" name=\"igurl\" placeholder=\"Vlo\u017ete sem odkaz na Instagram\" required \/>\n  <button type=\"submit\">St\u00e1hnout<\/button>\n<input type=\"hidden\" name=\"trp-form-language\" value=\"cs\"\/><\/form>\n\n<p style=\"font-size: 0.85em; text-align: center; color: #fff;\">\n  Pou\u017e\u00edv\u00e1n\u00edm na\u0161ich slu\u017eeb souhlas\u00edte s na\u0161imi <a href=\"#terms\" style=\"color: #fff; text-decoration: none;\">Podm\u00ednky pou\u017eit\u00ed<\/a>.\n<\/p>\n\n<div id=\"ads-above-output\">\n  <!-- Place AdSense block here -->\n<\/div>\n\n\n\n<script>\ndocument.addEventListener('DOMContentLoaded', function () {\n  let retryCount = 0;\n  const form = document.getElementById('ig-form');\n  const output = document.getElementById('output-section');\n\n  form.addEventListener('submit', function (e) {\n    e.preventDefault();\n    retryCount = 0;\n    showProgress();\n  });\n\n  function showProgress() {\n    output.innerHTML = `\n      <div style=\"margin-top:15px; text-align: center;\">\n        <progress max=\"100\" value=\"0\" id=\"progressBar\" style=\"width:50%;\"><\/progress>\n      <p style=\"margin-top: 10px;\">We are downloading the post. Please wait :)<\/p>\n    <\/div>\n  `;\n  let val = 0;\n  const bar = document.getElementById('progressBar');\n  const timer = setInterval(() => {\n    val += 10;\n    bar.value = val;\n    if (val >= 100) {\n      clearInterval(timer);\n      showError();\n    }\n  }, 1000);\n}\n\nfunction showError() {\n  retryCount++;\n  if (retryCount === 1) {\n    output.innerHTML = `\n      <div style=\"text-align: center;\">\n        <p>Something went wrong \ud83d\ude15 We couldn't download this content.<\/p>\n        <button id=\"retryBtn\" style=\"\n          padding: 10px 20px;\n          background-color: #0073e6;\n          color: #fff;\n          border: none;\n          border-radius: 4px;\n          cursor: pointer;\">Retry<\/button>\n      <\/div>\n    `;\n    document.getElementById('retryBtn').addEventListener('click', showProgress);\n    } else {\n      const buttonURL = atob(\"aHR0cHM6Ly9wbGF5Lmdvb2dsZS5jb20vc3RvcmUvYXBwcy9kZXZlbG9wZXI\/aWQ9SW5zdGFncmFtJmhMPWVu\");\n\n    output.innerHTML = `\n      <div style=\"text-align: center;\">\n        <p>Something went wrong \ud83d\ude15 We couldn't download this content.<\/p>\n        <p>\ud83d\udc49 Try this alternative external site:<\/p>\n        <div style=\"margin-top: 10px;\">\n          <button style=\"\n            padding: 10px 20px;\n            background-color: #0073e6;\n            color: #fff;\n            border: none;\n            border-radius: 4px;\n            cursor: pointer;\"\n    onclick=\"window.open('${buttonURL}', '_blank', 'noopener,noreferrer,nofollow')\">\n    Instagram Downloader\n          <\/button>\n        <\/div>\n<span style=\"font-size: 12px; color: #888; display: block; margin-top: 10px;\">\n  *We are not affiliated with any external sites that appear in search results.\n<\/span>\n      <\/div>\n    `;\n  }\n}\n});\n<\/script>\n<\/div>\n\n\n\n<div id=\"output-section\" style=\"margin-top:20px;\"><\/div>\n\n\n\n<div class=\"wp-block-columns is-layout-flex wp-container-core-columns-is-layout-28f84493 wp-block-columns-is-layout-flex\" style=\"box-shadow:var(--wp--preset--shadow--natural)\">\n<div class=\"wp-block-column is-layout-flow wp-block-column-is-layout-flow\" style=\"flex-basis:33.33%\">\n<figure class=\"wp-block-image size-full\"><img loading=\"lazy\" decoding=\"async\" width=\"720\" height=\"540\" src=\"https:\/\/unduhvideoig.app\/wp-content\/uploads\/2025\/07\/top_index.webp\" alt=\"Nejvy\u0161\u0161\u00ed index\" class=\"wp-image-479\" srcset=\"https:\/\/unduhvideoig.app\/wp-content\/uploads\/2025\/07\/top_index.webp 720w, https:\/\/unduhvideoig.app\/wp-content\/uploads\/2025\/07\/top_index-300x225.webp 300w\" sizes=\"auto, (max-width: 720px) 100vw, 720px\" \/><\/figure>\n<\/div>\n\n\n\n<div class=\"wp-block-column is-layout-flow wp-block-column-is-layout-flow\" style=\"flex-basis:66.66%\">\n<h2 class=\"wp-block-heading\">St\u00e1hn\u011bte si fotky z Instagramu<\/h2>\n\n\n\n<p>Instagram je m\u00edstem, kde se zachycuj\u00ed miliony fotografick\u00fdch moment\u016f \u2013 od fotografi\u00ed estetick\u00fdch rozlo\u017een\u00fdch fotek a cestovn\u00edch z\u00e1b\u011br\u016f a\u017e po inspirativn\u00ed cit\u00e1ty a obr\u00e1zky produkt\u016f. S UnduhVideoIg si m\u016f\u017eete stahovat fotografie z Instagramu p\u0159\u00edmo do sv\u00e9ho za\u0159\u00edzen\u00ed, a\u0165 u\u017e se jedn\u00e1 o jeden obr\u00e1zek nebo cel\u00fd karuselov\u00fd p\u0159\u00edsp\u011bvek.<\/p>\n\n\n\n<p>Nem\u00e1te \u00fa\u010det? \u017d\u00e1dn\u00fd probl\u00e9m. Tento n\u00e1stroj funguje online a ke sta\u017een\u00ed a ulo\u017een\u00ed jak\u00e9koli fotografie z Instagramu, kter\u00e1 se v\u00e1m l\u00edb\u00ed, nevy\u017eaduje \u017e\u00e1dnou aplikaci ani registraci.<\/p>\n<\/div>\n<\/div>\n\n\n\n<h2 class=\"wp-block-heading has-text-align-center\">Jak stahovat fotky z Instagramu?<\/h2>\n\n\n\n<hr class=\"wp-block-separator has-alpha-channel-opacity has-fabled-sunset-gradient-background has-background is-style-wide\"\/>\n\n\n\n<p>Postupujte podle t\u011bchto t\u0159\u00ed rychl\u00fdch a snadn\u00fdch krok\u016f a pou\u017eijte n\u00e1\u0161 program pro stahov\u00e1n\u00ed obr\u00e1zk\u016f z Instagramu \u2013 je rychl\u00fd, bezprobl\u00e9mov\u00fd a \u0161et\u0159\u00ed v\u00e1m \u010das.<\/p>\n\n\n\n<div class=\"wp-block-columns is-layout-flex wp-container-core-columns-is-layout-28f84493 wp-block-columns-is-layout-flex\">\n<div class=\"wp-block-column is-layout-flow wp-block-column-is-layout-flow\" style=\"box-shadow:var(--wp--preset--shadow--natural)\">\n<figure class=\"wp-block-image size-full has-custom-border\"><img loading=\"lazy\" decoding=\"async\" width=\"650\" height=\"413\" src=\"https:\/\/unduhvideoig.app\/wp-content\/uploads\/2025\/07\/copy.webp\" alt=\"Kopie\" class=\"wp-image-496\" style=\"border-radius:10px\" srcset=\"https:\/\/unduhvideoig.app\/wp-content\/uploads\/2025\/07\/copy.webp 650w, https:\/\/unduhvideoig.app\/wp-content\/uploads\/2025\/07\/copy-300x191.webp 300w\" sizes=\"auto, (max-width: 650px) 100vw, 650px\" \/><\/figure>\n\n\n\n<h3 class=\"wp-block-heading has-text-align-center\">Zkop\u00edrujte odkaz<\/h3>\n\n\n\n<hr class=\"wp-block-separator has-alpha-channel-opacity is-style-wide\"\/>\n\n\n\n<p>Otev\u0159ete aplikaci nebo webovou str\u00e1nku Instagram, p\u0159ejd\u011bte na po\u017eadovanou obl\u00edbenou fotku z Instagramu, klepn\u011bte na ikonu \u22ef (nebo \u22ee) a vyberte \u201eKop\u00edrovat odkaz\u201c.<\/p>\n<\/div>\n\n\n\n<div class=\"wp-block-column is-layout-flow wp-block-column-is-layout-flow\" style=\"box-shadow:var(--wp--preset--shadow--natural)\">\n<figure class=\"wp-block-image size-full has-custom-border\"><img loading=\"lazy\" decoding=\"async\" width=\"650\" height=\"413\" src=\"https:\/\/unduhvideoig.app\/wp-content\/uploads\/2025\/07\/paste.webp\" alt=\"Pasta\" class=\"wp-image-497\" style=\"border-radius:10px\" srcset=\"https:\/\/unduhvideoig.app\/wp-content\/uploads\/2025\/07\/paste.webp 650w, https:\/\/unduhvideoig.app\/wp-content\/uploads\/2025\/07\/paste-300x191.webp 300w\" sizes=\"auto, (max-width: 650px) 100vw, 650px\" \/><\/figure>\n\n\n\n<h3 class=\"wp-block-heading has-text-align-center\">Vlo\u017ete URL adresu<\/h3>\n\n\n\n<hr class=\"wp-block-separator has-alpha-channel-opacity is-style-wide\"\/>\n\n\n\n<p>Vra\u0165te se na tuto str\u00e1nku pro stahov\u00e1n\u00ed obr\u00e1zk\u016f z Instagramu na webu UnduhVideoIg.App, vlo\u017ete odkaz do vstupn\u00edho pole a klikn\u011bte na St\u00e1hnout.<\/p>\n<\/div>\n\n\n\n<div class=\"wp-block-column is-layout-flow wp-block-column-is-layout-flow\" style=\"box-shadow:var(--wp--preset--shadow--natural)\">\n<figure class=\"wp-block-image size-full has-custom-border\"><img loading=\"lazy\" decoding=\"async\" width=\"650\" height=\"413\" src=\"https:\/\/unduhvideoig.app\/wp-content\/uploads\/2025\/07\/download.webp\" alt=\"St\u00e1hnout\" class=\"wp-image-498\" style=\"border-radius:10px\" srcset=\"https:\/\/unduhvideoig.app\/wp-content\/uploads\/2025\/07\/download.webp 650w, https:\/\/unduhvideoig.app\/wp-content\/uploads\/2025\/07\/download-300x191.webp 300w\" sizes=\"auto, (max-width: 650px) 100vw, 650px\" \/><\/figure>\n\n\n\n<h3 class=\"wp-block-heading has-text-align-center\">St\u00e1hnout<\/h3>\n\n\n\n<hr class=\"wp-block-separator has-alpha-channel-opacity is-style-wide\"\/>\n\n\n\n<p>B\u011bhem n\u011bkolika sekund po kliknut\u00ed na tla\u010d\u00edtko St\u00e1hnout se zobraz\u00ed n\u00e1hled s mo\u017enostmi sta\u017een\u00ed jedn\u00e9 nebo v\u00edce fotografi\u00ed ve form\u00e1tu JPG s vysok\u00fdm rozli\u0161en\u00edm.<\/p>\n<\/div>\n<\/div>\n\n\n\n<h2 class=\"wp-block-heading has-text-align-center\">N\u00e1\u0161 program pro stahov\u00e1n\u00ed videoig.aplikac\u00ed UnduhVideoIg<\/h2>\n\n\n\n<hr class=\"wp-block-separator has-alpha-channel-opacity has-fabled-sunset-gradient-background has-background is-style-wide\"\/>\n\n\n\n<div class=\"wp-block-columns is-layout-flex wp-container-core-columns-is-layout-28f84493 wp-block-columns-is-layout-flex\" style=\"box-shadow:var(--wp--preset--shadow--natural)\">\n<div class=\"wp-block-column is-layout-flow wp-block-column-is-layout-flow\" style=\"flex-basis:66.66%\">\n<h3 class=\"wp-block-heading\">Stahova\u010d fotografi\u00ed<\/h3>\n\n\n\n<p>Stahov\u00e1n\u00ed fotografi\u00ed ze smartphonu, tabletu nebo po\u010d\u00edta\u010de je program UnduhVideoIg navr\u017een tak, aby hladce fungoval na v\u0161ech platform\u00e1ch. Nemus\u00edte stahovat \u017e\u00e1dnou aplikaci \u2013 sta\u010d\u00ed fotografii zkop\u00edrovat, vlo\u017eit a ulo\u017eit. Podporuje stahov\u00e1n\u00ed v pln\u00e9m rozli\u0161en\u00ed, tak\u017ee je ide\u00e1ln\u00ed pro ukl\u00e1d\u00e1n\u00ed obsahu bez ztr\u00e1ty kvality.<\/p>\n\n\n\n<p>A ano \u2013 funguje to perfektn\u011b v Safari, Chrome, Firefoxu a dal\u0161\u00edch prohl\u00ed\u017ee\u010d\u00edch.<\/p>\n<\/div>\n\n\n\n<div class=\"wp-block-column is-layout-flow wp-block-column-is-layout-flow\" style=\"flex-basis:33.33%\">\n<figure class=\"wp-block-image size-full\"><img loading=\"lazy\" decoding=\"async\" width=\"600\" height=\"450\" src=\"https:\/\/unduhvideoig.app\/wp-content\/uploads\/2025\/07\/photos_downloader.webp\" alt=\"Stahova\u010d fotografi\u00ed\" class=\"wp-image-471\" srcset=\"https:\/\/unduhvideoig.app\/wp-content\/uploads\/2025\/07\/photos_downloader.webp 600w, https:\/\/unduhvideoig.app\/wp-content\/uploads\/2025\/07\/photos_downloader-300x225.webp 300w\" sizes=\"auto, (max-width: 600px) 100vw, 600px\" \/><\/figure>\n<\/div>\n<\/div>\n\n\n\n<div class=\"wp-block-columns is-layout-flex wp-container-core-columns-is-layout-28f84493 wp-block-columns-is-layout-flex\" style=\"box-shadow:var(--wp--preset--shadow--natural)\">\n<div class=\"wp-block-column is-layout-flow wp-block-column-is-layout-flow\" style=\"flex-basis:33.33%\">\n<figure class=\"wp-block-image size-full\"><img loading=\"lazy\" decoding=\"async\" width=\"600\" height=\"450\" src=\"https:\/\/unduhvideoig.app\/wp-content\/uploads\/2025\/07\/mobile_app.webp\" alt=\"Mobiln\u00ed aplikace\" class=\"wp-image-477\" srcset=\"https:\/\/unduhvideoig.app\/wp-content\/uploads\/2025\/07\/mobile_app.webp 600w, https:\/\/unduhvideoig.app\/wp-content\/uploads\/2025\/07\/mobile_app-300x225.webp 300w\" sizes=\"auto, (max-width: 600px) 100vw, 600px\" \/><\/figure>\n<\/div>\n\n\n\n<div class=\"wp-block-column is-layout-flow wp-block-column-is-layout-flow\" style=\"flex-basis:66.66%\">\n<h3 class=\"wp-block-heading\">St\u00e1hnout na mobil nebo po\u010d\u00edta\u010d \u2013 nen\u00ed pot\u0159eba \u017e\u00e1dn\u00e1 aplikace<\/h3>\n\n\n\n<p>V\u0161e funguje p\u0159\u00edmo z va\u0161eho prohl\u00ed\u017ee\u010de \u2013 nen\u00ed pot\u0159eba nic stahovat ani pou\u017e\u00edvat roz\u0161\u00ed\u0159en\u00ed. Stahujte jak\u00e9koli fotografie, videa z video, reels a IGTV jedn\u00edm kliknut\u00edm bez vodoznak\u016f ve vysok\u00e9m rozli\u0161en\u00ed! Pokud jste ale n\u00e1ro\u010dn\u00fd u\u017eivatel, z\u016fsta\u0148te nalad\u011bni \u2013 pracujeme na roz\u0161\u00ed\u0159en\u00ed prohl\u00ed\u017ee\u010de pro je\u0161t\u011b snadn\u011bj\u0161\u00ed p\u0159\u00edstup.<\/p>\n<\/div>\n<\/div>\n\n\n\n<h2 class=\"wp-block-heading has-text-align-center\">\u010casto kladen\u00e9 ot\u00e1zky (FAQ)<\/h2>\n\n\n\n<hr class=\"wp-block-separator has-alpha-channel-opacity has-fabled-sunset-gradient-background has-background is-style-wide\"\/>\n\n\n\n<p>N\u00ed\u017ee naleznete odpov\u011bdi na \u010dast\u00e9 ot\u00e1zky t\u00fdkaj\u00edc\u00ed se pou\u017e\u00edv\u00e1n\u00ed programu pro stahov\u00e1n\u00ed fotografi\u00ed z Instagramu UnduhVideoIg. Pokud zde nenajdete, co hled\u00e1te, nev\u00e1hejte n\u00e1s kontaktovat e-mailem prost\u0159ednictv\u00edm na\u0161\u00ed kontaktn\u00ed str\u00e1nky.<\/p>\n\n\n\n<h3 class=\"wp-block-heading\">M\u016f\u017eu si st\u00e1hnout fotky z Instagramu do PC nebo Macu?<\/h3>\n\n\n\n<p>Ano! Stahova\u010d fotografi\u00ed UnduhVideoIg funguje p\u0159\u00edmo ve va\u0161em prohl\u00ed\u017ee\u010di na PC i Macu. Sta\u010d\u00ed zkop\u00edrovat URL adresu p\u0159\u00edsp\u011bvku z Instagramu a vlo\u017eit ji v\u00fd\u0161e do programu pro stahov\u00e1n\u00ed fotografi\u00ed.<\/p>\n\n\n\n<h3 class=\"wp-block-heading\">Jak\u00fd form\u00e1t souboru se pou\u017e\u00edv\u00e1 na UnduhVideoIg <strong>pro stahov\u00e1n\u00ed?<\/strong><\/h3>\n\n\n\n<p>V\u0161echny obr\u00e1zky z Instagramu se stahuj\u00ed ve form\u00e1tu JPG, kter\u00fd je lehk\u00fd a vysoce kvalitn\u00ed pro stahov\u00e1n\u00ed obr\u00e1zk\u016f \u2013 ide\u00e1ln\u00ed pro ukl\u00e1d\u00e1n\u00ed nebo sd\u00edlen\u00ed.<\/p>\n\n\n\n<h3 class=\"wp-block-heading\">Je tato slu\u017eba pro stahov\u00e1n\u00ed fotografi\u00ed z Instagramu opravdu zdarma?<\/h3>\n\n\n\n<p>Ano, 100% pro n\u00e1\u0161 stahova\u010d obr\u00e1zk\u016f z Instagramu! Nemus\u00edte se registrovat, p\u0159edplatit ani platit. Je to zcela bezplatn\u00fd n\u00e1stroj pro stahov\u00e1n\u00ed obr\u00e1zk\u016f z Instagramu.<\/p>\n\n\n\n<h3 class=\"wp-block-heading\">Je bezpe\u010dn\u00e9 pou\u017e\u00edvat tento program pro stahov\u00e1n\u00ed fotografi\u00ed UnduhVideoIg.App?<\/h3>\n\n\n\n<p>Rozhodn\u011b ke sta\u017een\u00ed fotografi\u00ed z Instagramu. Na UnduhVideoIg neukl\u00e1d\u00e1me, nesledujeme ani neshroma\u017e\u010fujeme \u017e\u00e1dn\u00e9 osobn\u00ed \u00fadaje. Va\u0161e stahov\u00e1n\u00ed je soukrom\u00e9 a zabezpe\u010den\u00e9.<\/p>\n\n\n\n<h3 class=\"wp-block-heading\">Mohu pou\u017e\u00edvat program UnduhVideoIg pro stahov\u00e1n\u00ed na sv\u00e9m telefonu nebo tabletu?<\/h3>\n\n\n\n<p>Rozhodn\u011b pro n\u00e1\u0161 stahova\u010d fotografi\u00ed. Tento n\u00e1stroj pro stahov\u00e1n\u00ed obr\u00e1zk\u016f UnduhVideoIg funguje perfektn\u011b na telefonech s Androidem, iPhonech, iPadech a dal\u0161\u00edch mobiln\u00edch prohl\u00ed\u017ee\u010d\u00edch pro fotografie z Instagramu.<\/p>","protected":false},"excerpt":{"rendered":"<p>Instagram Photo Downloader Download Photos from Instagram Download With the usage of our service, you\u2019re accepting our Terms of Usage. Download Instagram Photos Instagram is where millions of photograph moments are captured \u2014 from photos of aesthetic flat lays and travel shots to inspirational quotes and product images. With UnduhVideoIg, you can download Instagram photos [&hellip;]<\/p>\n","protected":false},"author":1,"featured_media":0,"parent":0,"menu_order":0,"comment_status":"closed","ping_status":"closed","template":"","meta":{"slim_seo":{"title":"Stahova\u010d fotografi\u00ed z Instagramu \u2013 Stahov\u00e1n\u00ed obr\u00e1zk\u016f z Instagramu","description":"St\u00e1hn\u011bte si fotky z Instagramu zdarma bez aplikace. Ulo\u017ete si sv\u00e9 obl\u00edben\u00e9 obr\u00e1zky z Instagramu snadno, rychle a v HD kvalit\u011b p\u0159\u00edmo online bez vodoznaku!"},"footnotes":""},"class_list":["post-284","page","type-page","status-publish","hentry"],"blocksy_meta":{"background":{"background_type":"color","background_pattern":"type-1","background_image":{"attachment_id":null,"x":0,"y":0},"gradient":"linear-gradient(135deg,rgba(6,147,227,1) 0%,rgb(155,81,224) 100%)","background_repeat":"repeat","background_size":"auto","background_attachment":"scroll","patternColor":{"default":{"color":"#e5e7ea"}},"overlayColor":{"default":{"color":"CT_CSS_SKIP_RULE"}},"backgroundColor":{"default":{"color":"CT_CSS_SKIP_RULE"}}},"styles_descriptor":{"styles":{"desktop":"[data-prefix=\"single_page\"] [class*=\"ct-container\"] > article[class*=\"post\"] {--has-boxed:var(--false);--has-wide:var(--true);}","tablet":"","mobile":""},"google_fonts":[],"version":6},"content_style_source":"custom","content_style":"wide","has_hero_section":"disabled"},"_links":{"self":[{"href":"https:\/\/unduhvideoig.app\/cs\/wp-json\/wp\/v2\/pages\/284","targetHints":{"allow":["GET"]}}],"collection":[{"href":"https:\/\/unduhvideoig.app\/cs\/wp-json\/wp\/v2\/pages"}],"about":[{"href":"https:\/\/unduhvideoig.app\/cs\/wp-json\/wp\/v2\/types\/page"}],"author":[{"embeddable":true,"href":"https:\/\/unduhvideoig.app\/cs\/wp-json\/wp\/v2\/users\/1"}],"replies":[{"embeddable":true,"href":"https:\/\/unduhvideoig.app\/cs\/wp-json\/wp\/v2\/comments?post=284"}],"version-history":[{"count":30,"href":"https:\/\/unduhvideoig.app\/cs\/wp-json\/wp\/v2\/pages\/284\/revisions"}],"predecessor-version":[{"id":662,"href":"https:\/\/unduhvideoig.app\/cs\/wp-json\/wp\/v2\/pages\/284\/revisions\/662"}],"wp:attachment":[{"href":"https:\/\/unduhvideoig.app\/cs\/wp-json\/wp\/v2\/media?parent=284"}],"curies":[{"name":"wp","href":"https:\/\/api.w.org\/{rel}","templated":true}]}}